{"id":624,"date":"2020-10-29T17:45:28","date_gmt":"2020-10-29T15:45:28","guid":{"rendered":"https:\/\/www.editorial.lt\/shop\/?post_type=product&#038;p=624"},"modified":"2022-03-05T20:00:45","modified_gmt":"2022-03-05T18:00:45","slug":"screws-in-my-body-swim-up-my-spine-breaking-the-magnet-2","status":"publish","type":"product","link":"https:\/\/www.editorial.lt\/shop\/lt\/product\/screws-in-my-body-swim-up-my-spine-breaking-the-magnet-2\/","title":{"rendered":"Screws in my body\/ swim up my spine\/ breaking the magnet I"},"content":{"rendered":"<p>\u0160\u012f cikl\u0105 sudaro fotografij\u0173 serija UV spauda atspausta ant sintetini\u0173 audini\u0173, kurie v\u0117liau klojami vienas ant kito ir sujungiami. Lieti aliuminio karoliukai \u012fausti per tinklel\u012f, kiekviename k\u016brinyje \u012fra\u0161ant vien\u0105 eilut\u0119 i\u0161 eil\u0117ra\u0161\u010dio, tapusio ciklo pavadinimu \u201eScrews in my body\/ swim up my spine\/ breaking the magnet\u201c.<\/p>\n<p>Ellie Hunter k\u016briniai buvo pristatyti projekt\u0173 erdv\u0117je Editorial, grupin\u0117je parodoje <em><a href=\"https:\/\/www.editorial.lt\/lt\/blog\/grupine-paroda-puse-lupu\/\">Puse l\u016bp\u0173<\/a><\/em>, taip pat 2018 metais autor\u0117 sureng\u0117 parod\u0105 <a href=\"https:\/\/www.editorial.lt\/lt\/blog\/ellie-hunter-at-bay-2\/\"><i>At bay<\/i><\/a>.<\/p>\n","protected":false},"excerpt":{"rendered":"<p>2020<\/p>\n<p><em>Film\u0173 nuotraukos, atspausdintos UV spauda ant sintetinio audinio, lieti aliuminio karoliukai, si\u016blai<\/em><\/p>\n<p>49.8 x 38.7 cm<\/p>\n","protected":false},"featured_media":625,"template":"","meta":{"spay_email":""},"product_cat":[27],"product_tag":[],"acf":[],"yoast_head":"<!-- This site is optimized with the Yoast SEO plugin v19.1 - https:\/\/yoast.com\/wordpress\/plugins\/seo\/ -->\n<title>Screws in my body\/ swim up my spine\/ breaking the magnet I - Editorial Shop<\/title>\n<meta name=\"robots\" content=\"index, follow, max-snippet:-1, max-image-preview:large, max-video-preview:-1\" \/>\n<link rel=\"canonical\" href=\"https:\/\/www.editorial.lt\/shop\/lt\/product\/screws-in-my-body-swim-up-my-spine-breaking-the-magnet-2\/\" \/>\n<meta property=\"og:locale\" content=\"en_US\" \/>\n<meta property=\"og:type\" content=\"article\" \/>\n<meta property=\"og:title\" content=\"Screws in my body\/ swim up my spine\/ breaking the magnet I - Editorial Shop\" \/>\n<meta property=\"og:description\" content=\"2020  Film\u0173 nuotraukos, atspausdintos UV spauda ant sintetinio audinio, lieti aliuminio karoliukai, si\u016blai  49.8 x 38.7 cm\" \/>\n<meta property=\"og:url\" content=\"https:\/\/www.editorial.lt\/shop\/lt\/product\/screws-in-my-body-swim-up-my-spine-breaking-the-magnet-2\/\" \/>\n<meta property=\"og:site_name\" content=\"Editorial Shop\" \/>\n<meta property=\"article:modified_time\" content=\"2022-03-05T18:00:45+00:00\" \/>\n<meta property=\"og:image\" content=\"https:\/\/www.editorial.lt\/shop\/wp-content\/uploads\/sites\/2\/2020\/10\/22-Under-Ones-Breath-Editorial-2020.-Ellie-Hunter-scaled.jpg\" \/>\n\t<meta property=\"og:image:width\" content=\"1707\" \/>\n\t<meta property=\"og:image:height\" content=\"2560\" \/>\n\t<meta property=\"og:image:type\" content=\"image\/jpeg\" \/>\n<meta name=\"twitter:card\" content=\"summary_large_image\" \/>\n<script type=\"application\/ld+json\" class=\"yoast-schema-graph\">{\"@context\":\"https:\/\/schema.org\",\"@graph\":[{\"@type\":\"WebSite\",\"@id\":\"https:\/\/www.editorial.lt\/shop\/#website\",\"url\":\"https:\/\/www.editorial.lt\/shop\/\",\"name\":\"Editorial Shop\",\"description\":\"\",\"potentialAction\":[{\"@type\":\"SearchAction\",\"target\":{\"@type\":\"EntryPoint\",\"urlTemplate\":\"https:\/\/www.editorial.lt\/shop\/?s={search_term_string}\"},\"query-input\":\"required name=search_term_string\"}],\"inLanguage\":\"en-US\"},{\"@type\":\"ImageObject\",\"inLanguage\":\"en-US\",\"@id\":\"https:\/\/www.editorial.lt\/shop\/lt\/product\/screws-in-my-body-swim-up-my-spine-breaking-the-magnet-2\/#primaryimage\",\"url\":\"https:\/\/www.editorial.lt\/shop\/wp-content\/uploads\/sites\/2\/2020\/10\/22-Under-Ones-Breath-Editorial-2020.-Ellie-Hunter-scaled.jpg\",\"contentUrl\":\"https:\/\/www.editorial.lt\/shop\/wp-content\/uploads\/sites\/2\/2020\/10\/22-Under-Ones-Breath-Editorial-2020.-Ellie-Hunter-scaled.jpg\",\"width\":1707,\"height\":2560},{\"@type\":\"WebPage\",\"@id\":\"https:\/\/www.editorial.lt\/shop\/lt\/product\/screws-in-my-body-swim-up-my-spine-breaking-the-magnet-2\/#webpage\",\"url\":\"https:\/\/www.editorial.lt\/shop\/lt\/product\/screws-in-my-body-swim-up-my-spine-breaking-the-magnet-2\/\",\"name\":\"Screws in my body\/ swim up my spine\/ breaking the magnet I - Editorial Shop\",\"isPartOf\":{\"@id\":\"https:\/\/www.editorial.lt\/shop\/#website\"},\"primaryImageOfPage\":{\"@id\":\"https:\/\/www.editorial.lt\/shop\/lt\/product\/screws-in-my-body-swim-up-my-spine-breaking-the-magnet-2\/#primaryimage\"},\"datePublished\":\"2020-10-29T15:45:28+00:00\",\"dateModified\":\"2022-03-05T18:00:45+00:00\",\"breadcrumb\":{\"@id\":\"https:\/\/www.editorial.lt\/shop\/lt\/product\/screws-in-my-body-swim-up-my-spine-breaking-the-magnet-2\/#breadcrumb\"},\"inLanguage\":\"en-US\",\"potentialAction\":[{\"@type\":\"ReadAction\",\"target\":[\"https:\/\/www.editorial.lt\/shop\/lt\/product\/screws-in-my-body-swim-up-my-spine-breaking-the-magnet-2\/\"]}]},{\"@type\":\"BreadcrumbList\",\"@id\":\"https:\/\/www.editorial.lt\/shop\/lt\/product\/screws-in-my-body-swim-up-my-spine-breaking-the-magnet-2\/#breadcrumb\",\"itemListElement\":[{\"@type\":\"ListItem\",\"position\":1,\"name\":\"Home\"},{\"@type\":\"ListItem\",\"position\":2,\"name\":\"Products\",\"item\":\"https:\/\/www.editorial.lt\/shop\/en\/shop\/\"},{\"@type\":\"ListItem\",\"position\":3,\"name\":\"Screws in my body\/ swim up my spine\/ breaking the magnet I\"}]}]}<\/script>\n<!-- \/ Yoast SEO plugin. -->","yoast_head_json":{"title":"Screws in my body\/ swim up my spine\/ breaking the magnet I - Editorial Shop","robots":{"index":"index","follow":"follow","max-snippet":"max-snippet:-1","max-image-preview":"max-image-preview:large","max-video-preview":"max-video-preview:-1"},"canonical":"https:\/\/www.editorial.lt\/shop\/lt\/product\/screws-in-my-body-swim-up-my-spine-breaking-the-magnet-2\/","og_locale":"en_US","og_type":"article","og_title":"Screws in my body\/ swim up my spine\/ breaking the magnet I - Editorial Shop","og_description":"2020  Film\u0173 nuotraukos, atspausdintos UV spauda ant sintetinio audinio, lieti aliuminio karoliukai, si\u016blai  49.8 x 38.7 cm","og_url":"https:\/\/www.editorial.lt\/shop\/lt\/product\/screws-in-my-body-swim-up-my-spine-breaking-the-magnet-2\/","og_site_name":"Editorial Shop","article_modified_time":"2022-03-05T18:00:45+00:00","og_image":[{"width":1707,"height":2560,"url":"https:\/\/www.editorial.lt\/shop\/wp-content\/uploads\/sites\/2\/2020\/10\/22-Under-Ones-Breath-Editorial-2020.-Ellie-Hunter-scaled.jpg","type":"image\/jpeg"}],"twitter_card":"summary_large_image","schema":{"@context":"https:\/\/schema.org","@graph":[{"@type":"WebSite","@id":"https:\/\/www.editorial.lt\/shop\/#website","url":"https:\/\/www.editorial.lt\/shop\/","name":"Editorial Shop","description":"","potentialAction":[{"@type":"SearchAction","target":{"@type":"EntryPoint","urlTemplate":"https:\/\/www.editorial.lt\/shop\/?s={search_term_string}"},"query-input":"required name=search_term_string"}],"inLanguage":"en-US"},{"@type":"ImageObject","inLanguage":"en-US","@id":"https:\/\/www.editorial.lt\/shop\/lt\/product\/screws-in-my-body-swim-up-my-spine-breaking-the-magnet-2\/#primaryimage","url":"https:\/\/www.editorial.lt\/shop\/wp-content\/uploads\/sites\/2\/2020\/10\/22-Under-Ones-Breath-Editorial-2020.-Ellie-Hunter-scaled.jpg","contentUrl":"https:\/\/www.editorial.lt\/shop\/wp-content\/uploads\/sites\/2\/2020\/10\/22-Under-Ones-Breath-Editorial-2020.-Ellie-Hunter-scaled.jpg","width":1707,"height":2560},{"@type":"WebPage","@id":"https:\/\/www.editorial.lt\/shop\/lt\/product\/screws-in-my-body-swim-up-my-spine-breaking-the-magnet-2\/#webpage","url":"https:\/\/www.editorial.lt\/shop\/lt\/product\/screws-in-my-body-swim-up-my-spine-breaking-the-magnet-2\/","name":"Screws in my body\/ swim up my spine\/ breaking the magnet I - Editorial Shop","isPartOf":{"@id":"https:\/\/www.editorial.lt\/shop\/#website"},"primaryImageOfPage":{"@id":"https:\/\/www.editorial.lt\/shop\/lt\/product\/screws-in-my-body-swim-up-my-spine-breaking-the-magnet-2\/#primaryimage"},"datePublished":"2020-10-29T15:45:28+00:00","dateModified":"2022-03-05T18:00:45+00:00","breadcrumb":{"@id":"https:\/\/www.editorial.lt\/shop\/lt\/product\/screws-in-my-body-swim-up-my-spine-breaking-the-magnet-2\/#breadcrumb"},"inLanguage":"en-US","potentialAction":[{"@type":"ReadAction","target":["https:\/\/www.editorial.lt\/shop\/lt\/product\/screws-in-my-body-swim-up-my-spine-breaking-the-magnet-2\/"]}]},{"@type":"BreadcrumbList","@id":"https:\/\/www.editorial.lt\/shop\/lt\/product\/screws-in-my-body-swim-up-my-spine-breaking-the-magnet-2\/#breadcrumb","itemListElement":[{"@type":"ListItem","position":1,"name":"Home"},{"@type":"ListItem","position":2,"name":"Products","item":"https:\/\/www.editorial.lt\/shop\/en\/shop\/"},{"@type":"ListItem","position":3,"name":"Screws in my body\/ swim up my spine\/ breaking the magnet I"}]}]}},"_links":{"self":[{"href":"https:\/\/www.editorial.lt\/shop\/wp-json\/wp\/v2\/product\/624"}],"collection":[{"href":"https:\/\/www.editorial.lt\/shop\/wp-json\/wp\/v2\/product"}],"about":[{"href":"https:\/\/www.editorial.lt\/shop\/wp-json\/wp\/v2\/types\/product"}],"wp:featuredmedia":[{"embeddable":true,"href":"https:\/\/www.editorial.lt\/shop\/wp-json\/wp\/v2\/media\/625"}],"wp:attachment":[{"href":"https:\/\/www.editorial.lt\/shop\/wp-json\/wp\/v2\/media?parent=624"}],"wp:term":[{"taxonomy":"product_cat","embeddable":true,"href":"https:\/\/www.editorial.lt\/shop\/wp-json\/wp\/v2\/product_cat?post=624"},{"taxonomy":"product_tag","embeddable":true,"href":"https:\/\/www.editorial.lt\/shop\/wp-json\/wp\/v2\/product_tag?post=624"}],"curies":[{"name":"wp","href":"https:\/\/api.w.org\/{rel}","templated":true}]}}