{"id":2217,"date":"2026-02-20T10:16:30","date_gmt":"2026-02-20T08:16:30","guid":{"rendered":"https:\/\/www.editorial.lt\/shop\/?post_type=product&#038;p=2217"},"modified":"2026-02-20T10:18:49","modified_gmt":"2026-02-20T08:18:49","slug":"le-monde","status":"publish","type":"product","link":"https:\/\/www.editorial.lt\/shop\/lt\/product\/le-monde\/","title":{"rendered":"Le Monde"},"content":{"rendered":"<p>Gabriel\u0117 Adomaityt\u0117 (g. 1994 m., Kaunas, Lietuva) gyvena ir kuria Milane ir Vilniuje. 2017 m. ji \u012fgijo skulpt\u016bros bakalauro laipsn\u012f Vilniaus dail\u0117s akademijoje, o nuo 2017 iki 2019 m. buvo reziduojanti meninink\u0117 De Ateliers rezidencij\u0173 programoje Amsterdame. Adomaityt\u0117s k\u016brybin\u0117 praktika tapyb\u0105 \u012fkurdina skaitmenin\u0117s tikrov\u0117s s\u0105lygose, perkeldama dokumentines sistemas \u012f tapyb\u0105, skulpt\u016br\u0105, video k\u016brinius ir ra\u0161ym\u0105.<\/p>\n<p>Tarp pastar\u0173j\u0173 personalini\u0173 ir grupini\u0173 parod\u0173: \u201eCrude Hints (Towards)\u201c (\u201eFrieze\u201c galerija \u201eNo. 9 Cork Street\u201c, Londonas, 2025), I-oji Klaip\u0117dos bienal\u0117 \u201eSaul\u0117lydis kas dvejus metus\u201c (Klaip\u0117dos kult\u016br\u0173 komunikacij\u0173 centras, Klaip\u0117da, 2025), \u201eAbstraction (Re)Creation \u2013 20 Under 40\u201c (X Museum, Pekinas, 2025), \u201eAtbuli griau\u010diai\u201c (Sapieg\u0173 r\u016bmai, Vilnius, 2025), \u201eChronicler\u201c (C L E A R I N G, Los And\u017eelas, 2024), \u201eTelescope MAX\u201c (Gratin, Niujorkas, 2023) ir \u201eShallow Springs\u201c (Kohta, Helsinkis, 2023).<\/p>\n","protected":false},"excerpt":{"rendered":"<p>2025<br \/>\nAliejus ant drob\u0117s<br \/>\n<span data-sheets-root=\"1\">80 x 50 cm<\/span><\/p>\n<p>Nor\u0117dami su\u017einoti kain\u0105 para\u0161ykite mums: info@editorial.lt<\/p>\n<p><em>Pastaba:<\/em> <em>K\u016brinius siun\u010diame \u012f u\u017esien\u012f, pristatymo kaina derinama atskirai.<\/em><\/p>\n","protected":false},"featured_media":2219,"template":"","meta":{"spay_email":""},"product_cat":[27],"product_tag":[689],"acf":[],"yoast_head":"<!-- This site is optimized with the Yoast SEO plugin v19.1 - https:\/\/yoast.com\/wordpress\/plugins\/seo\/ -->\n<title>Le Monde - Editorial Shop<\/title>\n<meta name=\"robots\" content=\"index, follow, max-snippet:-1, max-image-preview:large, max-video-preview:-1\" \/>\n<link rel=\"canonical\" href=\"https:\/\/www.editorial.lt\/shop\/lt\/product\/le-monde\/\" \/>\n<meta property=\"og:locale\" content=\"en_US\" \/>\n<meta property=\"og:type\" content=\"article\" \/>\n<meta property=\"og:title\" content=\"Le Monde - Editorial Shop\" \/>\n<meta property=\"og:description\" content=\"2025 Aliejus ant drob\u0117s 80 x 50 cm  Nor\u0117dami su\u017einoti kain\u0105 para\u0161ykite mums: info@editorial.lt  Pastaba: K\u016brinius siun\u010diame \u012f u\u017esien\u012f, pristatymo kaina derinama atskirai.\" \/>\n<meta property=\"og:url\" content=\"https:\/\/www.editorial.lt\/shop\/lt\/product\/le-monde\/\" \/>\n<meta property=\"og:site_name\" content=\"Editorial Shop\" \/>\n<meta property=\"article:modified_time\" content=\"2026-02-20T08:18:49+00:00\" \/>\n<meta property=\"og:image\" content=\"https:\/\/www.editorial.lt\/shop\/wp-content\/uploads\/sites\/2\/2026\/02\/13-Gabriele-Adomaityte_Depositories_2026.-Editorial_Vilnius-scaled.jpg\" \/>\n\t<meta property=\"og:image:width\" content=\"1707\" \/>\n\t<meta property=\"og:image:height\" content=\"2560\" \/>\n\t<meta property=\"og:image:type\" content=\"image\/jpeg\" \/>\n<meta name=\"twitter:card\" content=\"summary_large_image\" \/>\n<meta name=\"twitter:label1\" content=\"Est. reading time\" \/>\n\t<meta name=\"twitter:data1\" content=\"1 minute\" \/>\n<script type=\"application\/ld+json\" class=\"yoast-schema-graph\">{\"@context\":\"https:\/\/schema.org\",\"@graph\":[{\"@type\":\"WebSite\",\"@id\":\"https:\/\/www.editorial.lt\/shop\/#website\",\"url\":\"https:\/\/www.editorial.lt\/shop\/\",\"name\":\"Editorial Shop\",\"description\":\"\",\"potentialAction\":[{\"@type\":\"SearchAction\",\"target\":{\"@type\":\"EntryPoint\",\"urlTemplate\":\"https:\/\/www.editorial.lt\/shop\/?s={search_term_string}\"},\"query-input\":\"required name=search_term_string\"}],\"inLanguage\":\"en-US\"},{\"@type\":\"ImageObject\",\"inLanguage\":\"en-US\",\"@id\":\"https:\/\/www.editorial.lt\/shop\/lt\/product\/le-monde\/#primaryimage\",\"url\":\"https:\/\/www.editorial.lt\/shop\/wp-content\/uploads\/sites\/2\/2026\/02\/13-Gabriele-Adomaityte_Depositories_2026.-Editorial_Vilnius-scaled.jpg\",\"contentUrl\":\"https:\/\/www.editorial.lt\/shop\/wp-content\/uploads\/sites\/2\/2026\/02\/13-Gabriele-Adomaityte_Depositories_2026.-Editorial_Vilnius-scaled.jpg\",\"width\":1707,\"height\":2560},{\"@type\":\"WebPage\",\"@id\":\"https:\/\/www.editorial.lt\/shop\/lt\/product\/le-monde\/#webpage\",\"url\":\"https:\/\/www.editorial.lt\/shop\/lt\/product\/le-monde\/\",\"name\":\"Le Monde - Editorial Shop\",\"isPartOf\":{\"@id\":\"https:\/\/www.editorial.lt\/shop\/#website\"},\"primaryImageOfPage\":{\"@id\":\"https:\/\/www.editorial.lt\/shop\/lt\/product\/le-monde\/#primaryimage\"},\"datePublished\":\"2026-02-20T08:16:30+00:00\",\"dateModified\":\"2026-02-20T08:18:49+00:00\",\"breadcrumb\":{\"@id\":\"https:\/\/www.editorial.lt\/shop\/lt\/product\/le-monde\/#breadcrumb\"},\"inLanguage\":\"en-US\",\"potentialAction\":[{\"@type\":\"ReadAction\",\"target\":[\"https:\/\/www.editorial.lt\/shop\/lt\/product\/le-monde\/\"]}]},{\"@type\":\"BreadcrumbList\",\"@id\":\"https:\/\/www.editorial.lt\/shop\/lt\/product\/le-monde\/#breadcrumb\",\"itemListElement\":[{\"@type\":\"ListItem\",\"position\":1,\"name\":\"Home\"},{\"@type\":\"ListItem\",\"position\":2,\"name\":\"Products\",\"item\":\"https:\/\/www.editorial.lt\/shop\/en\/shop\/\"},{\"@type\":\"ListItem\",\"position\":3,\"name\":\"Le Monde\"}]}]}<\/script>\n<!-- \/ Yoast SEO plugin. -->","yoast_head_json":{"title":"Le Monde - Editorial Shop","robots":{"index":"index","follow":"follow","max-snippet":"max-snippet:-1","max-image-preview":"max-image-preview:large","max-video-preview":"max-video-preview:-1"},"canonical":"https:\/\/www.editorial.lt\/shop\/lt\/product\/le-monde\/","og_locale":"en_US","og_type":"article","og_title":"Le Monde - Editorial Shop","og_description":"2025 Aliejus ant drob\u0117s 80 x 50 cm  Nor\u0117dami su\u017einoti kain\u0105 para\u0161ykite mums: info@editorial.lt  Pastaba: K\u016brinius siun\u010diame \u012f u\u017esien\u012f, pristatymo kaina derinama atskirai.","og_url":"https:\/\/www.editorial.lt\/shop\/lt\/product\/le-monde\/","og_site_name":"Editorial Shop","article_modified_time":"2026-02-20T08:18:49+00:00","og_image":[{"width":1707,"height":2560,"url":"https:\/\/www.editorial.lt\/shop\/wp-content\/uploads\/sites\/2\/2026\/02\/13-Gabriele-Adomaityte_Depositories_2026.-Editorial_Vilnius-scaled.jpg","type":"image\/jpeg"}],"twitter_card":"summary_large_image","twitter_misc":{"Est. reading time":"1 minute"},"schema":{"@context":"https:\/\/schema.org","@graph":[{"@type":"WebSite","@id":"https:\/\/www.editorial.lt\/shop\/#website","url":"https:\/\/www.editorial.lt\/shop\/","name":"Editorial Shop","description":"","potentialAction":[{"@type":"SearchAction","target":{"@type":"EntryPoint","urlTemplate":"https:\/\/www.editorial.lt\/shop\/?s={search_term_string}"},"query-input":"required name=search_term_string"}],"inLanguage":"en-US"},{"@type":"ImageObject","inLanguage":"en-US","@id":"https:\/\/www.editorial.lt\/shop\/lt\/product\/le-monde\/#primaryimage","url":"https:\/\/www.editorial.lt\/shop\/wp-content\/uploads\/sites\/2\/2026\/02\/13-Gabriele-Adomaityte_Depositories_2026.-Editorial_Vilnius-scaled.jpg","contentUrl":"https:\/\/www.editorial.lt\/shop\/wp-content\/uploads\/sites\/2\/2026\/02\/13-Gabriele-Adomaityte_Depositories_2026.-Editorial_Vilnius-scaled.jpg","width":1707,"height":2560},{"@type":"WebPage","@id":"https:\/\/www.editorial.lt\/shop\/lt\/product\/le-monde\/#webpage","url":"https:\/\/www.editorial.lt\/shop\/lt\/product\/le-monde\/","name":"Le Monde - Editorial Shop","isPartOf":{"@id":"https:\/\/www.editorial.lt\/shop\/#website"},"primaryImageOfPage":{"@id":"https:\/\/www.editorial.lt\/shop\/lt\/product\/le-monde\/#primaryimage"},"datePublished":"2026-02-20T08:16:30+00:00","dateModified":"2026-02-20T08:18:49+00:00","breadcrumb":{"@id":"https:\/\/www.editorial.lt\/shop\/lt\/product\/le-monde\/#breadcrumb"},"inLanguage":"en-US","potentialAction":[{"@type":"ReadAction","target":["https:\/\/www.editorial.lt\/shop\/lt\/product\/le-monde\/"]}]},{"@type":"BreadcrumbList","@id":"https:\/\/www.editorial.lt\/shop\/lt\/product\/le-monde\/#breadcrumb","itemListElement":[{"@type":"ListItem","position":1,"name":"Home"},{"@type":"ListItem","position":2,"name":"Products","item":"https:\/\/www.editorial.lt\/shop\/en\/shop\/"},{"@type":"ListItem","position":3,"name":"Le Monde"}]}]}},"_links":{"self":[{"href":"https:\/\/www.editorial.lt\/shop\/wp-json\/wp\/v2\/product\/2217"}],"collection":[{"href":"https:\/\/www.editorial.lt\/shop\/wp-json\/wp\/v2\/product"}],"about":[{"href":"https:\/\/www.editorial.lt\/shop\/wp-json\/wp\/v2\/types\/product"}],"wp:featuredmedia":[{"embeddable":true,"href":"https:\/\/www.editorial.lt\/shop\/wp-json\/wp\/v2\/media\/2219"}],"wp:attachment":[{"href":"https:\/\/www.editorial.lt\/shop\/wp-json\/wp\/v2\/media?parent=2217"}],"wp:term":[{"taxonomy":"product_cat","embeddable":true,"href":"https:\/\/www.editorial.lt\/shop\/wp-json\/wp\/v2\/product_cat?post=2217"},{"taxonomy":"product_tag","embeddable":true,"href":"https:\/\/www.editorial.lt\/shop\/wp-json\/wp\/v2\/product_tag?post=2217"}],"curies":[{"name":"wp","href":"https:\/\/api.w.org\/{rel}","templated":true}]}}