{"id":2165,"date":"2026-02-19T16:22:16","date_gmt":"2026-02-19T14:22:16","guid":{"rendered":"https:\/\/www.editorial.lt\/shop\/?post_type=product&#038;p=2165"},"modified":"2026-02-19T16:23:39","modified_gmt":"2026-02-19T14:23:39","slug":"vasario-6-2024","status":"publish","type":"product","link":"https:\/\/www.editorial.lt\/shop\/lt\/product\/vasario-6-2024\/","title":{"rendered":"Vasario 6, 2024"},"content":{"rendered":"<p>Viktor Timofeev (g. 1984 m. Rygoje) \u2013 Niujorke gyvenantis menininkas, bakalauro laipsn\u012f \u012fgij\u0119s Hunterio koled\u017ee Niujorke, o magistro \u2013 Piet Zwart institute Roterdame, Nyderlanduose. 2018 m. \u012fk\u016br\u0117 \u201eNo Moon\u201c rengini\u0173 erdv\u0119 Brukline, Niujorke, kur rengia film\u0173 per\u017ei\u016bras, performansus, sensorin\u0117s deprivacijos klausymosi sesijas ir kitus \u012fvairaus formato renginius. Menininkas yra sureng\u0119s daugyb\u0119 personalini\u0173 parod\u0173, tarp kuri\u0173 \u2013 \u201eOther Passengers\u201c Nacionaliniame dail\u0117s muziejuje Rygoje (2025), \u201ePedagogical Games 1: Agents and Boundaries\u201c galerijoje \u201e427\u201c Rygoje (2024), \u201eDOG\u201c \u201eInterstate Projects\u201c Niujorke (2021), \u201eGod Objects\u201c \u201eKarlin Studios \/ Futura\u201c Prahoje (2020) ir kt. Pastaraisiais metais jo k\u016bryba taip pat eksponuota grupin\u0117se parodose, tokiose kaip 1-oji Klaip\u0117dos bienal\u0117 \u201eSaul\u0117lydis kas dvejus metus\u201c (2025), 19-oji Talino grafikos trienal\u0117 (2025), \u201ePatience (Game)\u201c Malm\u0117s meno muziejuje \u0160vedijoje (2025), \u201eAtbuli griau\u010diai\u201c Sapieg\u0173 r\u016bmuose Vilniuje (2025), \u201eIntercession CSS Bard\u201c \u201eHessel\u201c meno muziejuje Niujorke (2025), \u201eSignals Intelligence\u201c \u201eeyesneversleep\u201c meno erdv\u0117je Niujorke (2025), \u201eNew Address: Eden\u201c \u0160iuolaikinio meno centre \u201eKim?\u201c Rygoje (2024), Talino \u0161iuolaikinio meno bienal\u0117 \u201eTallinn Photomonth\u201c (2023) ir kt.<\/p>\n","protected":false},"excerpt":{"rendered":"<p>2024<br \/>\nGrafitas ant popieriaus<br \/>\n<span data-sheets-root=\"1\">22,2 x 31,1 cm<br \/>\nSu r\u0117mu: 45 x 45 cm<\/span><\/p>\n<p>Nor\u0117dami su\u017einoti kain\u0105 para\u0161ykite mums: info@editorial.lt<\/p>\n<p><em>Pastaba:<\/em> <em>K\u016brinius siun\u010diame \u012f u\u017esien\u012f, pristatymo kaina derinama atskirai.<\/em><\/p>\n","protected":false},"featured_media":2167,"template":"","meta":{"spay_email":""},"product_cat":[27],"product_tag":[662],"acf":[],"yoast_head":"<!-- This site is optimized with the Yoast SEO plugin v19.1 - https:\/\/yoast.com\/wordpress\/plugins\/seo\/ -->\n<title>Vasario 6, 2024 - Editorial Shop<\/title>\n<meta name=\"robots\" content=\"index, follow, max-snippet:-1, max-image-preview:large, max-video-preview:-1\" \/>\n<link rel=\"canonical\" href=\"https:\/\/www.editorial.lt\/shop\/lt\/product\/vasario-6-2024\/\" \/>\n<meta property=\"og:locale\" content=\"en_US\" \/>\n<meta property=\"og:type\" content=\"article\" \/>\n<meta property=\"og:title\" content=\"Vasario 6, 2024 - Editorial Shop\" \/>\n<meta property=\"og:description\" content=\"2024 Grafitas ant popieriaus 22,2 x 31,1 cm Su r\u0117mu: 45 x 45 cm  Nor\u0117dami su\u017einoti kain\u0105 para\u0161ykite mums: info@editorial.lt  Pastaba: K\u016brinius siun\u010diame \u012f u\u017esien\u012f, pristatymo kaina derinama atskirai.\" \/>\n<meta property=\"og:url\" content=\"https:\/\/www.editorial.lt\/shop\/lt\/product\/vasario-6-2024\/\" \/>\n<meta property=\"og:site_name\" content=\"Editorial Shop\" \/>\n<meta property=\"article:modified_time\" content=\"2026-02-19T14:23:39+00:00\" \/>\n<meta property=\"og:image\" content=\"https:\/\/www.editorial.lt\/shop\/wp-content\/uploads\/sites\/2\/2026\/02\/6.jpg\" \/>\n\t<meta property=\"og:image:width\" content=\"1584\" \/>\n\t<meta property=\"og:image:height\" content=\"1138\" \/>\n\t<meta property=\"og:image:type\" content=\"image\/jpeg\" \/>\n<meta name=\"twitter:card\" content=\"summary_large_image\" \/>\n<meta name=\"twitter:label1\" content=\"Est. reading time\" \/>\n\t<meta name=\"twitter:data1\" content=\"1 minute\" \/>\n<script type=\"application\/ld+json\" class=\"yoast-schema-graph\">{\"@context\":\"https:\/\/schema.org\",\"@graph\":[{\"@type\":\"WebSite\",\"@id\":\"https:\/\/www.editorial.lt\/shop\/#website\",\"url\":\"https:\/\/www.editorial.lt\/shop\/\",\"name\":\"Editorial Shop\",\"description\":\"\",\"potentialAction\":[{\"@type\":\"SearchAction\",\"target\":{\"@type\":\"EntryPoint\",\"urlTemplate\":\"https:\/\/www.editorial.lt\/shop\/?s={search_term_string}\"},\"query-input\":\"required name=search_term_string\"}],\"inLanguage\":\"en-US\"},{\"@type\":\"ImageObject\",\"inLanguage\":\"en-US\",\"@id\":\"https:\/\/www.editorial.lt\/shop\/lt\/product\/vasario-6-2024\/#primaryimage\",\"url\":\"https:\/\/www.editorial.lt\/shop\/wp-content\/uploads\/sites\/2\/2026\/02\/6.jpg\",\"contentUrl\":\"https:\/\/www.editorial.lt\/shop\/wp-content\/uploads\/sites\/2\/2026\/02\/6.jpg\",\"width\":1584,\"height\":1138},{\"@type\":\"WebPage\",\"@id\":\"https:\/\/www.editorial.lt\/shop\/lt\/product\/vasario-6-2024\/#webpage\",\"url\":\"https:\/\/www.editorial.lt\/shop\/lt\/product\/vasario-6-2024\/\",\"name\":\"Vasario 6, 2024 - Editorial Shop\",\"isPartOf\":{\"@id\":\"https:\/\/www.editorial.lt\/shop\/#website\"},\"primaryImageOfPage\":{\"@id\":\"https:\/\/www.editorial.lt\/shop\/lt\/product\/vasario-6-2024\/#primaryimage\"},\"datePublished\":\"2026-02-19T14:22:16+00:00\",\"dateModified\":\"2026-02-19T14:23:39+00:00\",\"breadcrumb\":{\"@id\":\"https:\/\/www.editorial.lt\/shop\/lt\/product\/vasario-6-2024\/#breadcrumb\"},\"inLanguage\":\"en-US\",\"potentialAction\":[{\"@type\":\"ReadAction\",\"target\":[\"https:\/\/www.editorial.lt\/shop\/lt\/product\/vasario-6-2024\/\"]}]},{\"@type\":\"BreadcrumbList\",\"@id\":\"https:\/\/www.editorial.lt\/shop\/lt\/product\/vasario-6-2024\/#breadcrumb\",\"itemListElement\":[{\"@type\":\"ListItem\",\"position\":1,\"name\":\"Home\"},{\"@type\":\"ListItem\",\"position\":2,\"name\":\"Products\",\"item\":\"https:\/\/www.editorial.lt\/shop\/en\/shop\/\"},{\"@type\":\"ListItem\",\"position\":3,\"name\":\"Vasario 6, 2024\"}]}]}<\/script>\n<!-- \/ Yoast SEO plugin. -->","yoast_head_json":{"title":"Vasario 6, 2024 - Editorial Shop","robots":{"index":"index","follow":"follow","max-snippet":"max-snippet:-1","max-image-preview":"max-image-preview:large","max-video-preview":"max-video-preview:-1"},"canonical":"https:\/\/www.editorial.lt\/shop\/lt\/product\/vasario-6-2024\/","og_locale":"en_US","og_type":"article","og_title":"Vasario 6, 2024 - Editorial Shop","og_description":"2024 Grafitas ant popieriaus 22,2 x 31,1 cm Su r\u0117mu: 45 x 45 cm  Nor\u0117dami su\u017einoti kain\u0105 para\u0161ykite mums: info@editorial.lt  Pastaba: K\u016brinius siun\u010diame \u012f u\u017esien\u012f, pristatymo kaina derinama atskirai.","og_url":"https:\/\/www.editorial.lt\/shop\/lt\/product\/vasario-6-2024\/","og_site_name":"Editorial Shop","article_modified_time":"2026-02-19T14:23:39+00:00","og_image":[{"width":1584,"height":1138,"url":"https:\/\/www.editorial.lt\/shop\/wp-content\/uploads\/sites\/2\/2026\/02\/6.jpg","type":"image\/jpeg"}],"twitter_card":"summary_large_image","twitter_misc":{"Est. reading time":"1 minute"},"schema":{"@context":"https:\/\/schema.org","@graph":[{"@type":"WebSite","@id":"https:\/\/www.editorial.lt\/shop\/#website","url":"https:\/\/www.editorial.lt\/shop\/","name":"Editorial Shop","description":"","potentialAction":[{"@type":"SearchAction","target":{"@type":"EntryPoint","urlTemplate":"https:\/\/www.editorial.lt\/shop\/?s={search_term_string}"},"query-input":"required name=search_term_string"}],"inLanguage":"en-US"},{"@type":"ImageObject","inLanguage":"en-US","@id":"https:\/\/www.editorial.lt\/shop\/lt\/product\/vasario-6-2024\/#primaryimage","url":"https:\/\/www.editorial.lt\/shop\/wp-content\/uploads\/sites\/2\/2026\/02\/6.jpg","contentUrl":"https:\/\/www.editorial.lt\/shop\/wp-content\/uploads\/sites\/2\/2026\/02\/6.jpg","width":1584,"height":1138},{"@type":"WebPage","@id":"https:\/\/www.editorial.lt\/shop\/lt\/product\/vasario-6-2024\/#webpage","url":"https:\/\/www.editorial.lt\/shop\/lt\/product\/vasario-6-2024\/","name":"Vasario 6, 2024 - Editorial Shop","isPartOf":{"@id":"https:\/\/www.editorial.lt\/shop\/#website"},"primaryImageOfPage":{"@id":"https:\/\/www.editorial.lt\/shop\/lt\/product\/vasario-6-2024\/#primaryimage"},"datePublished":"2026-02-19T14:22:16+00:00","dateModified":"2026-02-19T14:23:39+00:00","breadcrumb":{"@id":"https:\/\/www.editorial.lt\/shop\/lt\/product\/vasario-6-2024\/#breadcrumb"},"inLanguage":"en-US","potentialAction":[{"@type":"ReadAction","target":["https:\/\/www.editorial.lt\/shop\/lt\/product\/vasario-6-2024\/"]}]},{"@type":"BreadcrumbList","@id":"https:\/\/www.editorial.lt\/shop\/lt\/product\/vasario-6-2024\/#breadcrumb","itemListElement":[{"@type":"ListItem","position":1,"name":"Home"},{"@type":"ListItem","position":2,"name":"Products","item":"https:\/\/www.editorial.lt\/shop\/en\/shop\/"},{"@type":"ListItem","position":3,"name":"Vasario 6, 2024"}]}]}},"_links":{"self":[{"href":"https:\/\/www.editorial.lt\/shop\/wp-json\/wp\/v2\/product\/2165"}],"collection":[{"href":"https:\/\/www.editorial.lt\/shop\/wp-json\/wp\/v2\/product"}],"about":[{"href":"https:\/\/www.editorial.lt\/shop\/wp-json\/wp\/v2\/types\/product"}],"wp:featuredmedia":[{"embeddable":true,"href":"https:\/\/www.editorial.lt\/shop\/wp-json\/wp\/v2\/media\/2167"}],"wp:attachment":[{"href":"https:\/\/www.editorial.lt\/shop\/wp-json\/wp\/v2\/media?parent=2165"}],"wp:term":[{"taxonomy":"product_cat","embeddable":true,"href":"https:\/\/www.editorial.lt\/shop\/wp-json\/wp\/v2\/product_cat?post=2165"},{"taxonomy":"product_tag","embeddable":true,"href":"https:\/\/www.editorial.lt\/shop\/wp-json\/wp\/v2\/product_tag?post=2165"}],"curies":[{"name":"wp","href":"https:\/\/api.w.org\/{rel}","templated":true}]}}