{"id":2110,"date":"2025-07-15T16:22:41","date_gmt":"2025-07-15T13:22:41","guid":{"rendered":"https:\/\/www.editorial.lt\/shop\/?post_type=product&#038;p=2110"},"modified":"2025-07-15T16:23:54","modified_gmt":"2025-07-15T13:23:54","slug":"having-ii-2","status":"publish","type":"product","link":"https:\/\/www.editorial.lt\/shop\/lt\/product\/having-ii-2\/","title":{"rendered":"Having (II)"},"content":{"rendered":"<p>Ona Juci\u016bt\u0117 \u2013 meninink\u0117, kurator\u0117 ir scenograf\u0117, gyvenanti ir kurianti Vilniuje. Ji yra surengusi personalines parodas \u201eEditorial\u201c projekt\u0173 erdv\u0117je Vilniuje ir \u0161iuolaikinio meno centre \u201eDerry~Londonderry\u201c Jungtin\u0117je Karalyst\u0117je. Savo k\u016bryb\u0105 taip pat pristat\u0117 grupin\u0117se parodose MOCAK muziejuje Krokuvoje, \u0160iuolaikinio meno centre Vilniuje, paralelin\u0117je Stambulo bienal\u0117s programoje, Nacionalin\u0117je dail\u0117s galerijoje Vilniuje, Kauno meninink\u0173 namuose ir keliose Vilniaus meno institucijose, \u012fskaitant galerij\u0105 \u201eAtletika\u201c, \u201eRupert\u201c, projekt\u0173 erdv\u0119 \u201eSwallow\u201c ir kt. Juci\u016bt\u0117 dalyvavo rezidencij\u0173 programose \u201eAIR Niederosterreich\u201c Austrijoje, \u201eStiftung Kuenstlerdorf\u201c Vokietijoje ir \u201eDiyalog Istanbul\u201c Turkijoje. 2021 m. jos skulpt\u016bros tapo nuolatin\u0117s \u201eKiasma\u201c \u0161iuolaikinio meno muziejaus Helsinkyje dalimi. Ji yra apdovanota \u201eJCDecaux premija 2016\u201c ir lietuvi\u0173 kilm\u0117s JAV meninink\u0117s Aleksandros Ka\u0161ubos \u012fsteigtu prizu. Ona yra suk\u016brusi scenografij\u0173 Nacionaliniam dramos bei Jaunimo teatrams Vilniuje, d\u0117sto skulpt\u016br\u0105 Vilniaus dail\u0117s akademijoje bei nuo \u0161i\u0173 met\u0173 kuruoja JCDecaux premijos parod\u0105.<\/p>\n","protected":false},"excerpt":{"rendered":"<p>2025<br \/>\nAlksnio luk\u0161tas, celofanas, chromuotas varis, \u0161un\u0173 plaukai, dulk\u0117s, PVA klijai, \u0161ilkas, lipni juosta<br \/>\n145x60x30\u00a0cm<\/p>\n<p><em>Pastaba:<\/em> <em>K\u016brinius siun\u010diame \u012f u\u017esien\u012f, pristatymo kaina derinama atskirai.<\/em><\/p>\n","protected":false},"featured_media":2101,"template":"","meta":{"spay_email":""},"product_cat":[27],"product_tag":[],"acf":[],"yoast_head":"<!-- This site is optimized with the Yoast SEO plugin v19.1 - https:\/\/yoast.com\/wordpress\/plugins\/seo\/ -->\n<title>Having (II) - Editorial Shop<\/title>\n<meta name=\"robots\" content=\"index, follow, max-snippet:-1, max-image-preview:large, max-video-preview:-1\" \/>\n<link rel=\"canonical\" href=\"https:\/\/www.editorial.lt\/shop\/lt\/product\/having-ii-2\/\" \/>\n<meta property=\"og:locale\" content=\"en_US\" \/>\n<meta property=\"og:type\" content=\"article\" \/>\n<meta property=\"og:title\" content=\"Having (II) - Editorial Shop\" \/>\n<meta property=\"og:description\" content=\"2025 Alksnio luk\u0161tas, celofanas, chromuotas varis, \u0161un\u0173 plaukai, dulk\u0117s, PVA klijai, \u0161ilkas, lipni juosta 145x60x30\u00a0cm  Pastaba: K\u016brinius siun\u010diame \u012f u\u017esien\u012f, pristatymo kaina derinama atskirai.\" \/>\n<meta property=\"og:url\" content=\"https:\/\/www.editorial.lt\/shop\/lt\/product\/having-ii-2\/\" \/>\n<meta property=\"og:site_name\" content=\"Editorial Shop\" \/>\n<meta property=\"article:modified_time\" content=\"2025-07-15T13:23:54+00:00\" \/>\n<meta property=\"og:image\" content=\"https:\/\/www.editorial.lt\/shop\/wp-content\/uploads\/sites\/2\/2025\/07\/01-scaled.jpg\" \/>\n\t<meta property=\"og:image:width\" content=\"1707\" \/>\n\t<meta property=\"og:image:height\" content=\"2560\" \/>\n\t<meta property=\"og:image:type\" content=\"image\/jpeg\" \/>\n<meta name=\"twitter:card\" content=\"summary_large_image\" \/>\n<meta name=\"twitter:label1\" content=\"Est. reading time\" \/>\n\t<meta name=\"twitter:data1\" content=\"1 minute\" \/>\n<script type=\"application\/ld+json\" class=\"yoast-schema-graph\">{\"@context\":\"https:\/\/schema.org\",\"@graph\":[{\"@type\":\"WebSite\",\"@id\":\"https:\/\/www.editorial.lt\/shop\/#website\",\"url\":\"https:\/\/www.editorial.lt\/shop\/\",\"name\":\"Editorial Shop\",\"description\":\"\",\"potentialAction\":[{\"@type\":\"SearchAction\",\"target\":{\"@type\":\"EntryPoint\",\"urlTemplate\":\"https:\/\/www.editorial.lt\/shop\/?s={search_term_string}\"},\"query-input\":\"required name=search_term_string\"}],\"inLanguage\":\"en-US\"},{\"@type\":\"ImageObject\",\"inLanguage\":\"en-US\",\"@id\":\"https:\/\/www.editorial.lt\/shop\/lt\/product\/having-ii-2\/#primaryimage\",\"url\":\"https:\/\/www.editorial.lt\/shop\/wp-content\/uploads\/sites\/2\/2025\/07\/01-scaled.jpg\",\"contentUrl\":\"https:\/\/www.editorial.lt\/shop\/wp-content\/uploads\/sites\/2\/2025\/07\/01-scaled.jpg\",\"width\":1707,\"height\":2560},{\"@type\":\"WebPage\",\"@id\":\"https:\/\/www.editorial.lt\/shop\/lt\/product\/having-ii-2\/#webpage\",\"url\":\"https:\/\/www.editorial.lt\/shop\/lt\/product\/having-ii-2\/\",\"name\":\"Having (II) - Editorial Shop\",\"isPartOf\":{\"@id\":\"https:\/\/www.editorial.lt\/shop\/#website\"},\"primaryImageOfPage\":{\"@id\":\"https:\/\/www.editorial.lt\/shop\/lt\/product\/having-ii-2\/#primaryimage\"},\"datePublished\":\"2025-07-15T13:22:41+00:00\",\"dateModified\":\"2025-07-15T13:23:54+00:00\",\"breadcrumb\":{\"@id\":\"https:\/\/www.editorial.lt\/shop\/lt\/product\/having-ii-2\/#breadcrumb\"},\"inLanguage\":\"en-US\",\"potentialAction\":[{\"@type\":\"ReadAction\",\"target\":[\"https:\/\/www.editorial.lt\/shop\/lt\/product\/having-ii-2\/\"]}]},{\"@type\":\"BreadcrumbList\",\"@id\":\"https:\/\/www.editorial.lt\/shop\/lt\/product\/having-ii-2\/#breadcrumb\",\"itemListElement\":[{\"@type\":\"ListItem\",\"position\":1,\"name\":\"Home\"},{\"@type\":\"ListItem\",\"position\":2,\"name\":\"Products\",\"item\":\"https:\/\/www.editorial.lt\/shop\/en\/shop\/\"},{\"@type\":\"ListItem\",\"position\":3,\"name\":\"Having (II)\"}]}]}<\/script>\n<!-- \/ Yoast SEO plugin. -->","yoast_head_json":{"title":"Having (II) - Editorial Shop","robots":{"index":"index","follow":"follow","max-snippet":"max-snippet:-1","max-image-preview":"max-image-preview:large","max-video-preview":"max-video-preview:-1"},"canonical":"https:\/\/www.editorial.lt\/shop\/lt\/product\/having-ii-2\/","og_locale":"en_US","og_type":"article","og_title":"Having (II) - Editorial Shop","og_description":"2025 Alksnio luk\u0161tas, celofanas, chromuotas varis, \u0161un\u0173 plaukai, dulk\u0117s, PVA klijai, \u0161ilkas, lipni juosta 145x60x30\u00a0cm  Pastaba: K\u016brinius siun\u010diame \u012f u\u017esien\u012f, pristatymo kaina derinama atskirai.","og_url":"https:\/\/www.editorial.lt\/shop\/lt\/product\/having-ii-2\/","og_site_name":"Editorial Shop","article_modified_time":"2025-07-15T13:23:54+00:00","og_image":[{"width":1707,"height":2560,"url":"https:\/\/www.editorial.lt\/shop\/wp-content\/uploads\/sites\/2\/2025\/07\/01-scaled.jpg","type":"image\/jpeg"}],"twitter_card":"summary_large_image","twitter_misc":{"Est. reading time":"1 minute"},"schema":{"@context":"https:\/\/schema.org","@graph":[{"@type":"WebSite","@id":"https:\/\/www.editorial.lt\/shop\/#website","url":"https:\/\/www.editorial.lt\/shop\/","name":"Editorial Shop","description":"","potentialAction":[{"@type":"SearchAction","target":{"@type":"EntryPoint","urlTemplate":"https:\/\/www.editorial.lt\/shop\/?s={search_term_string}"},"query-input":"required name=search_term_string"}],"inLanguage":"en-US"},{"@type":"ImageObject","inLanguage":"en-US","@id":"https:\/\/www.editorial.lt\/shop\/lt\/product\/having-ii-2\/#primaryimage","url":"https:\/\/www.editorial.lt\/shop\/wp-content\/uploads\/sites\/2\/2025\/07\/01-scaled.jpg","contentUrl":"https:\/\/www.editorial.lt\/shop\/wp-content\/uploads\/sites\/2\/2025\/07\/01-scaled.jpg","width":1707,"height":2560},{"@type":"WebPage","@id":"https:\/\/www.editorial.lt\/shop\/lt\/product\/having-ii-2\/#webpage","url":"https:\/\/www.editorial.lt\/shop\/lt\/product\/having-ii-2\/","name":"Having (II) - Editorial Shop","isPartOf":{"@id":"https:\/\/www.editorial.lt\/shop\/#website"},"primaryImageOfPage":{"@id":"https:\/\/www.editorial.lt\/shop\/lt\/product\/having-ii-2\/#primaryimage"},"datePublished":"2025-07-15T13:22:41+00:00","dateModified":"2025-07-15T13:23:54+00:00","breadcrumb":{"@id":"https:\/\/www.editorial.lt\/shop\/lt\/product\/having-ii-2\/#breadcrumb"},"inLanguage":"en-US","potentialAction":[{"@type":"ReadAction","target":["https:\/\/www.editorial.lt\/shop\/lt\/product\/having-ii-2\/"]}]},{"@type":"BreadcrumbList","@id":"https:\/\/www.editorial.lt\/shop\/lt\/product\/having-ii-2\/#breadcrumb","itemListElement":[{"@type":"ListItem","position":1,"name":"Home"},{"@type":"ListItem","position":2,"name":"Products","item":"https:\/\/www.editorial.lt\/shop\/en\/shop\/"},{"@type":"ListItem","position":3,"name":"Having (II)"}]}]}},"_links":{"self":[{"href":"https:\/\/www.editorial.lt\/shop\/wp-json\/wp\/v2\/product\/2110"}],"collection":[{"href":"https:\/\/www.editorial.lt\/shop\/wp-json\/wp\/v2\/product"}],"about":[{"href":"https:\/\/www.editorial.lt\/shop\/wp-json\/wp\/v2\/types\/product"}],"wp:featuredmedia":[{"embeddable":true,"href":"https:\/\/www.editorial.lt\/shop\/wp-json\/wp\/v2\/media\/2101"}],"wp:attachment":[{"href":"https:\/\/www.editorial.lt\/shop\/wp-json\/wp\/v2\/media?parent=2110"}],"wp:term":[{"taxonomy":"product_cat","embeddable":true,"href":"https:\/\/www.editorial.lt\/shop\/wp-json\/wp\/v2\/product_cat?post=2110"},{"taxonomy":"product_tag","embeddable":true,"href":"https:\/\/www.editorial.lt\/shop\/wp-json\/wp\/v2\/product_tag?post=2110"}],"curies":[{"name":"wp","href":"https:\/\/api.w.org\/{rel}","templated":true}]}}