{"id":2040,"date":"2025-02-18T12:49:02","date_gmt":"2025-02-18T10:49:02","guid":{"rendered":"https:\/\/www.editorial.lt\/shop\/?post_type=product&#038;p=2040"},"modified":"2025-07-15T16:39:01","modified_gmt":"2025-07-15T13:39:01","slug":"based-on-true-story","status":"publish","type":"product","link":"https:\/\/www.editorial.lt\/shop\/lt\/product\/based-on-true-story\/","title":{"rendered":"Based on True Story"},"content":{"rendered":"<p>Marta Fre\u0307jute\u0307 \u2013 Vilniuje gyvenanti ir kurianti menininke\u0307, savo menine\u0307je praktijoje tyrine\u0307janti fikcijos bei atminties sampyn\u0105 kintanc\u030ciame istoriniame kontekste ir \u0161io atspindi\u0328 kasdienyb\u0117je bei mituose. K\u016br\u0117ja yra i\u0328gijusi architektu\u0304ros bakalauro bei \u0161iuolaikine\u0307s skulptu\u0304ros magistro laipsnius Vilniaus daile\u0307s akademijoje (VDA), kur \u0161iuo metu studijuoja doktorant\u016br\u0105 ir d\u0117sto. Jos darbai eksponuoti grupine\u0307se parodose \u0160iuolaikinio meno centre (\u0160MC) Vilniuje, Lenkijos skulptu\u0304ros centre, Oronske, (Lenkija), Neapolio fizikos muziejuje (Italija), FORM galerijoje Perte (Australija), taip pat galerijose \u201eAtletika\u201c Vilniuje, \u201eLocomotif\u201c Lentvaryje ir kitur. 2022 m. meninink\u0117 surenge\u0307 ir personaline\u0328 paroda\u0328 galerijoje \u201eArtifex\u201c Vilniuje.<\/p>\n","protected":false},"excerpt":{"rendered":"<p>2025<\/p>\n<p>Stiklas, vitra\u017eo technika, UV spauda<\/p>\n<p>39,5 x 30 x 3 cm<\/p>\n<p><em>Pastaba: pristatymo detal\u0117s derinamos atskirai.<\/em><\/p>\n","protected":false},"featured_media":2042,"template":"","meta":{"spay_email":""},"product_cat":[27],"product_tag":[],"acf":[],"yoast_head":"<!-- This site is optimized with the Yoast SEO plugin v19.1 - https:\/\/yoast.com\/wordpress\/plugins\/seo\/ -->\n<title>Based on True Story - Editorial Shop<\/title>\n<meta name=\"robots\" content=\"index, follow, max-snippet:-1, max-image-preview:large, max-video-preview:-1\" \/>\n<link rel=\"canonical\" href=\"https:\/\/www.editorial.lt\/shop\/lt\/product\/based-on-true-story\/\" \/>\n<meta property=\"og:locale\" content=\"en_US\" \/>\n<meta property=\"og:type\" content=\"article\" \/>\n<meta property=\"og:title\" content=\"Based on True Story - Editorial Shop\" \/>\n<meta property=\"og:description\" content=\"2025  Stiklas, vitra\u017eo technika, UV spauda  39,5 x 30 x 3 cm  Pastaba: pristatymo detal\u0117s derinamos atskirai.\" \/>\n<meta property=\"og:url\" content=\"https:\/\/www.editorial.lt\/shop\/lt\/product\/based-on-true-story\/\" \/>\n<meta property=\"og:site_name\" content=\"Editorial Shop\" \/>\n<meta property=\"article:modified_time\" content=\"2025-07-15T13:39:01+00:00\" \/>\n<meta property=\"og:image\" content=\"https:\/\/www.editorial.lt\/shop\/wp-content\/uploads\/sites\/2\/2025\/02\/MA2A2121-scaled.jpg\" \/>\n\t<meta property=\"og:image:width\" content=\"2560\" \/>\n\t<meta property=\"og:image:height\" content=\"1707\" \/>\n\t<meta property=\"og:image:type\" content=\"image\/jpeg\" \/>\n<meta name=\"twitter:card\" content=\"summary_large_image\" \/>\n<meta name=\"twitter:label1\" content=\"Est. reading time\" \/>\n\t<meta name=\"twitter:data1\" content=\"1 minute\" \/>\n<script type=\"application\/ld+json\" class=\"yoast-schema-graph\">{\"@context\":\"https:\/\/schema.org\",\"@graph\":[{\"@type\":\"WebSite\",\"@id\":\"https:\/\/www.editorial.lt\/shop\/#website\",\"url\":\"https:\/\/www.editorial.lt\/shop\/\",\"name\":\"Editorial Shop\",\"description\":\"\",\"potentialAction\":[{\"@type\":\"SearchAction\",\"target\":{\"@type\":\"EntryPoint\",\"urlTemplate\":\"https:\/\/www.editorial.lt\/shop\/?s={search_term_string}\"},\"query-input\":\"required name=search_term_string\"}],\"inLanguage\":\"en-US\"},{\"@type\":\"ImageObject\",\"inLanguage\":\"en-US\",\"@id\":\"https:\/\/www.editorial.lt\/shop\/lt\/product\/based-on-true-story\/#primaryimage\",\"url\":\"https:\/\/www.editorial.lt\/shop\/wp-content\/uploads\/sites\/2\/2025\/02\/MA2A2121-scaled.jpg\",\"contentUrl\":\"https:\/\/www.editorial.lt\/shop\/wp-content\/uploads\/sites\/2\/2025\/02\/MA2A2121-scaled.jpg\",\"width\":2560,\"height\":1707},{\"@type\":\"WebPage\",\"@id\":\"https:\/\/www.editorial.lt\/shop\/lt\/product\/based-on-true-story\/#webpage\",\"url\":\"https:\/\/www.editorial.lt\/shop\/lt\/product\/based-on-true-story\/\",\"name\":\"Based on True Story - Editorial Shop\",\"isPartOf\":{\"@id\":\"https:\/\/www.editorial.lt\/shop\/#website\"},\"primaryImageOfPage\":{\"@id\":\"https:\/\/www.editorial.lt\/shop\/lt\/product\/based-on-true-story\/#primaryimage\"},\"datePublished\":\"2025-02-18T10:49:02+00:00\",\"dateModified\":\"2025-07-15T13:39:01+00:00\",\"breadcrumb\":{\"@id\":\"https:\/\/www.editorial.lt\/shop\/lt\/product\/based-on-true-story\/#breadcrumb\"},\"inLanguage\":\"en-US\",\"potentialAction\":[{\"@type\":\"ReadAction\",\"target\":[\"https:\/\/www.editorial.lt\/shop\/lt\/product\/based-on-true-story\/\"]}]},{\"@type\":\"BreadcrumbList\",\"@id\":\"https:\/\/www.editorial.lt\/shop\/lt\/product\/based-on-true-story\/#breadcrumb\",\"itemListElement\":[{\"@type\":\"ListItem\",\"position\":1,\"name\":\"Home\"},{\"@type\":\"ListItem\",\"position\":2,\"name\":\"Products\",\"item\":\"https:\/\/www.editorial.lt\/shop\/en\/shop\/\"},{\"@type\":\"ListItem\",\"position\":3,\"name\":\"Based on True Story\"}]}]}<\/script>\n<!-- \/ Yoast SEO plugin. -->","yoast_head_json":{"title":"Based on True Story - Editorial Shop","robots":{"index":"index","follow":"follow","max-snippet":"max-snippet:-1","max-image-preview":"max-image-preview:large","max-video-preview":"max-video-preview:-1"},"canonical":"https:\/\/www.editorial.lt\/shop\/lt\/product\/based-on-true-story\/","og_locale":"en_US","og_type":"article","og_title":"Based on True Story - Editorial Shop","og_description":"2025  Stiklas, vitra\u017eo technika, UV spauda  39,5 x 30 x 3 cm  Pastaba: pristatymo detal\u0117s derinamos atskirai.","og_url":"https:\/\/www.editorial.lt\/shop\/lt\/product\/based-on-true-story\/","og_site_name":"Editorial Shop","article_modified_time":"2025-07-15T13:39:01+00:00","og_image":[{"width":2560,"height":1707,"url":"https:\/\/www.editorial.lt\/shop\/wp-content\/uploads\/sites\/2\/2025\/02\/MA2A2121-scaled.jpg","type":"image\/jpeg"}],"twitter_card":"summary_large_image","twitter_misc":{"Est. reading time":"1 minute"},"schema":{"@context":"https:\/\/schema.org","@graph":[{"@type":"WebSite","@id":"https:\/\/www.editorial.lt\/shop\/#website","url":"https:\/\/www.editorial.lt\/shop\/","name":"Editorial Shop","description":"","potentialAction":[{"@type":"SearchAction","target":{"@type":"EntryPoint","urlTemplate":"https:\/\/www.editorial.lt\/shop\/?s={search_term_string}"},"query-input":"required name=search_term_string"}],"inLanguage":"en-US"},{"@type":"ImageObject","inLanguage":"en-US","@id":"https:\/\/www.editorial.lt\/shop\/lt\/product\/based-on-true-story\/#primaryimage","url":"https:\/\/www.editorial.lt\/shop\/wp-content\/uploads\/sites\/2\/2025\/02\/MA2A2121-scaled.jpg","contentUrl":"https:\/\/www.editorial.lt\/shop\/wp-content\/uploads\/sites\/2\/2025\/02\/MA2A2121-scaled.jpg","width":2560,"height":1707},{"@type":"WebPage","@id":"https:\/\/www.editorial.lt\/shop\/lt\/product\/based-on-true-story\/#webpage","url":"https:\/\/www.editorial.lt\/shop\/lt\/product\/based-on-true-story\/","name":"Based on True Story - Editorial Shop","isPartOf":{"@id":"https:\/\/www.editorial.lt\/shop\/#website"},"primaryImageOfPage":{"@id":"https:\/\/www.editorial.lt\/shop\/lt\/product\/based-on-true-story\/#primaryimage"},"datePublished":"2025-02-18T10:49:02+00:00","dateModified":"2025-07-15T13:39:01+00:00","breadcrumb":{"@id":"https:\/\/www.editorial.lt\/shop\/lt\/product\/based-on-true-story\/#breadcrumb"},"inLanguage":"en-US","potentialAction":[{"@type":"ReadAction","target":["https:\/\/www.editorial.lt\/shop\/lt\/product\/based-on-true-story\/"]}]},{"@type":"BreadcrumbList","@id":"https:\/\/www.editorial.lt\/shop\/lt\/product\/based-on-true-story\/#breadcrumb","itemListElement":[{"@type":"ListItem","position":1,"name":"Home"},{"@type":"ListItem","position":2,"name":"Products","item":"https:\/\/www.editorial.lt\/shop\/en\/shop\/"},{"@type":"ListItem","position":3,"name":"Based on True Story"}]}]}},"_links":{"self":[{"href":"https:\/\/www.editorial.lt\/shop\/wp-json\/wp\/v2\/product\/2040"}],"collection":[{"href":"https:\/\/www.editorial.lt\/shop\/wp-json\/wp\/v2\/product"}],"about":[{"href":"https:\/\/www.editorial.lt\/shop\/wp-json\/wp\/v2\/types\/product"}],"wp:featuredmedia":[{"embeddable":true,"href":"https:\/\/www.editorial.lt\/shop\/wp-json\/wp\/v2\/media\/2042"}],"wp:attachment":[{"href":"https:\/\/www.editorial.lt\/shop\/wp-json\/wp\/v2\/media?parent=2040"}],"wp:term":[{"taxonomy":"product_cat","embeddable":true,"href":"https:\/\/www.editorial.lt\/shop\/wp-json\/wp\/v2\/product_cat?post=2040"},{"taxonomy":"product_tag","embeddable":true,"href":"https:\/\/www.editorial.lt\/shop\/wp-json\/wp\/v2\/product_tag?post=2040"}],"curies":[{"name":"wp","href":"https:\/\/api.w.org\/{rel}","templated":true}]}}