{"id":1930,"date":"2024-12-18T22:12:23","date_gmt":"2024-12-18T20:12:23","guid":{"rendered":"https:\/\/www.editorial.lt\/shop\/?post_type=product&#038;p=1930"},"modified":"2024-12-18T22:29:42","modified_gmt":"2024-12-18T20:29:42","slug":"ab-atspaudai","status":"publish","type":"product","link":"https:\/\/www.editorial.lt\/shop\/lt\/product\/ab-atspaudai\/","title":{"rendered":"AB atspaudai (1)"},"content":{"rendered":"<p>Savo tarpdisciplinin\u0117je meno praktikoje Anastasia Sosunova dirba su videomenu,\u00a0 instaliacija, skulpt\u016bra, grafika ir tekstais. Pasitelkdama asmenines istorijas, vietas\u00a0 \u012fr\u0117minan\u010dius vaizdus bei subtilius materialius gestus, kuriuos \u017emon\u0117s palieka savo\u00a0 gyvenamoje aplinkoje, Sosunova kuria platesnes istorijas apie ateities bendruomenes ir\u00a0 tapatybes. Supindama ir i\u0161kreipdama elementus, priklausan\u010dius senosioms mitologijoms,\u00a0 hibridin\u0117ms tapatyb\u0117ms ir galios bei kontrol\u0117s \u012frankiams, meninink\u0117 kuria alternatyvias\u00a0 \u0161iuolaikinio folkloro formas, kvestionuojan\u010dias bendruomeni\u0161kumo psichologij\u0105, bei\u00a0 suteikian\u010dias kriti\u0161k\u0105 po\u017ei\u016br\u012f \u012f autoritet\u0105, sakralum\u0105 ir galios strukt\u016bras. Pasitelkdama \u012fvairius dokumentikos, pop estetikos ir ikonografijos tradicij\u0173 nuorod\u0173 derinius, Sosunova\u00a0 kuria naujus sugyvenimo, sutartini\u0173 fikcij\u0173 bei kolektyvini\u0173 kod\u0173 vaizdinius.<\/p>\n<p>Anastasia Sosunova k\u016brinius i\u0161 serijos\u00a0<em>Textbook<\/em>\u00a0pristat\u0117 projekt\u0173 erdv\u0117je Editorial, grupin\u0117je parodoje\u00a0<em><a href=\"https:\/\/www.editorial.lt\/lt\/blog\/2020\/01\/02\/vidines-kisenes\/\">Vidin\u0117s ki\u0161en\u0117s<\/a><\/em>\u00a0, taip pat 2018 metais drauge su Andrea Zucchini sureng\u0117 parod\u0105\u00a0<em><a href=\"https:\/\/www.editorial.lt\/lt\/blog\/2019\/12\/16\/anastasia-sosunova-ir-andrea-zucchini-second-skin\/\">Antroji Oda<\/a><\/em>.<\/p>\n","protected":false},"excerpt":{"rendered":"<p>2023<\/p>\n<p><span style=\"font-weight: 400;\">Atspaud\u0173 serija, popierius, da\u017eai, stiklas<\/span><\/p>\n<p><span style=\"font-weight: 400;\">61,5 x 41,5 cm<\/span><\/p>\n<p><em>Pastaba:<\/em>\u00a0<em>K\u016brinius siun\u010diame \u012f u\u017esien\u012f, pristatymo kaina derinama atskirai.<\/em><\/p>\n","protected":false},"featured_media":1953,"template":"","meta":{"spay_email":""},"product_cat":[27],"product_tag":[],"acf":[],"yoast_head":"<!-- This site is optimized with the Yoast SEO plugin v19.1 - https:\/\/yoast.com\/wordpress\/plugins\/seo\/ -->\n<title>AB atspaudai (1) - Editorial Shop<\/title>\n<meta name=\"robots\" content=\"index, follow, max-snippet:-1, max-image-preview:large, max-video-preview:-1\" \/>\n<link rel=\"canonical\" href=\"https:\/\/www.editorial.lt\/shop\/lt\/product\/ab-atspaudai\/\" \/>\n<meta property=\"og:locale\" content=\"en_US\" \/>\n<meta property=\"og:type\" content=\"article\" \/>\n<meta property=\"og:title\" content=\"AB atspaudai (1) - Editorial Shop\" \/>\n<meta property=\"og:description\" content=\"2023  Atspaud\u0173 serija, popierius, da\u017eai, stiklas  61,5 x 41,5 cm  Pastaba:\u00a0K\u016brinius siun\u010diame \u012f u\u017esien\u012f, pristatymo kaina derinama atskirai.\" \/>\n<meta property=\"og:url\" content=\"https:\/\/www.editorial.lt\/shop\/lt\/product\/ab-atspaudai\/\" \/>\n<meta property=\"og:site_name\" content=\"Editorial Shop\" \/>\n<meta property=\"article:modified_time\" content=\"2024-12-18T20:29:42+00:00\" \/>\n<meta property=\"og:image\" content=\"https:\/\/www.editorial.lt\/shop\/wp-content\/uploads\/sites\/2\/2024\/12\/12-Oyster-Ears_Editorial_2024_Anastasia-Sosunova-scaled.jpg\" \/>\n\t<meta property=\"og:image:width\" content=\"1707\" \/>\n\t<meta property=\"og:image:height\" content=\"2560\" \/>\n\t<meta property=\"og:image:type\" content=\"image\/jpeg\" \/>\n<meta name=\"twitter:card\" content=\"summary_large_image\" \/>\n<meta name=\"twitter:label1\" content=\"Est. reading time\" \/>\n\t<meta name=\"twitter:data1\" content=\"1 minute\" \/>\n<script type=\"application\/ld+json\" class=\"yoast-schema-graph\">{\"@context\":\"https:\/\/schema.org\",\"@graph\":[{\"@type\":\"WebSite\",\"@id\":\"https:\/\/www.editorial.lt\/shop\/#website\",\"url\":\"https:\/\/www.editorial.lt\/shop\/\",\"name\":\"Editorial Shop\",\"description\":\"\",\"potentialAction\":[{\"@type\":\"SearchAction\",\"target\":{\"@type\":\"EntryPoint\",\"urlTemplate\":\"https:\/\/www.editorial.lt\/shop\/?s={search_term_string}\"},\"query-input\":\"required name=search_term_string\"}],\"inLanguage\":\"en-US\"},{\"@type\":\"ImageObject\",\"inLanguage\":\"en-US\",\"@id\":\"https:\/\/www.editorial.lt\/shop\/lt\/product\/ab-atspaudai\/#primaryimage\",\"url\":\"https:\/\/www.editorial.lt\/shop\/wp-content\/uploads\/sites\/2\/2024\/12\/12-Oyster-Ears_Editorial_2024_Anastasia-Sosunova-scaled.jpg\",\"contentUrl\":\"https:\/\/www.editorial.lt\/shop\/wp-content\/uploads\/sites\/2\/2024\/12\/12-Oyster-Ears_Editorial_2024_Anastasia-Sosunova-scaled.jpg\",\"width\":1707,\"height\":2560},{\"@type\":\"WebPage\",\"@id\":\"https:\/\/www.editorial.lt\/shop\/lt\/product\/ab-atspaudai\/#webpage\",\"url\":\"https:\/\/www.editorial.lt\/shop\/lt\/product\/ab-atspaudai\/\",\"name\":\"AB atspaudai (1) - Editorial Shop\",\"isPartOf\":{\"@id\":\"https:\/\/www.editorial.lt\/shop\/#website\"},\"primaryImageOfPage\":{\"@id\":\"https:\/\/www.editorial.lt\/shop\/lt\/product\/ab-atspaudai\/#primaryimage\"},\"datePublished\":\"2024-12-18T20:12:23+00:00\",\"dateModified\":\"2024-12-18T20:29:42+00:00\",\"breadcrumb\":{\"@id\":\"https:\/\/www.editorial.lt\/shop\/lt\/product\/ab-atspaudai\/#breadcrumb\"},\"inLanguage\":\"en-US\",\"potentialAction\":[{\"@type\":\"ReadAction\",\"target\":[\"https:\/\/www.editorial.lt\/shop\/lt\/product\/ab-atspaudai\/\"]}]},{\"@type\":\"BreadcrumbList\",\"@id\":\"https:\/\/www.editorial.lt\/shop\/lt\/product\/ab-atspaudai\/#breadcrumb\",\"itemListElement\":[{\"@type\":\"ListItem\",\"position\":1,\"name\":\"Home\"},{\"@type\":\"ListItem\",\"position\":2,\"name\":\"Products\",\"item\":\"https:\/\/www.editorial.lt\/shop\/en\/shop\/\"},{\"@type\":\"ListItem\",\"position\":3,\"name\":\"AB atspaudai (1)\"}]}]}<\/script>\n<!-- \/ Yoast SEO plugin. -->","yoast_head_json":{"title":"AB atspaudai (1) - Editorial Shop","robots":{"index":"index","follow":"follow","max-snippet":"max-snippet:-1","max-image-preview":"max-image-preview:large","max-video-preview":"max-video-preview:-1"},"canonical":"https:\/\/www.editorial.lt\/shop\/lt\/product\/ab-atspaudai\/","og_locale":"en_US","og_type":"article","og_title":"AB atspaudai (1) - Editorial Shop","og_description":"2023  Atspaud\u0173 serija, popierius, da\u017eai, stiklas  61,5 x 41,5 cm  Pastaba:\u00a0K\u016brinius siun\u010diame \u012f u\u017esien\u012f, pristatymo kaina derinama atskirai.","og_url":"https:\/\/www.editorial.lt\/shop\/lt\/product\/ab-atspaudai\/","og_site_name":"Editorial Shop","article_modified_time":"2024-12-18T20:29:42+00:00","og_image":[{"width":1707,"height":2560,"url":"https:\/\/www.editorial.lt\/shop\/wp-content\/uploads\/sites\/2\/2024\/12\/12-Oyster-Ears_Editorial_2024_Anastasia-Sosunova-scaled.jpg","type":"image\/jpeg"}],"twitter_card":"summary_large_image","twitter_misc":{"Est. reading time":"1 minute"},"schema":{"@context":"https:\/\/schema.org","@graph":[{"@type":"WebSite","@id":"https:\/\/www.editorial.lt\/shop\/#website","url":"https:\/\/www.editorial.lt\/shop\/","name":"Editorial Shop","description":"","potentialAction":[{"@type":"SearchAction","target":{"@type":"EntryPoint","urlTemplate":"https:\/\/www.editorial.lt\/shop\/?s={search_term_string}"},"query-input":"required name=search_term_string"}],"inLanguage":"en-US"},{"@type":"ImageObject","inLanguage":"en-US","@id":"https:\/\/www.editorial.lt\/shop\/lt\/product\/ab-atspaudai\/#primaryimage","url":"https:\/\/www.editorial.lt\/shop\/wp-content\/uploads\/sites\/2\/2024\/12\/12-Oyster-Ears_Editorial_2024_Anastasia-Sosunova-scaled.jpg","contentUrl":"https:\/\/www.editorial.lt\/shop\/wp-content\/uploads\/sites\/2\/2024\/12\/12-Oyster-Ears_Editorial_2024_Anastasia-Sosunova-scaled.jpg","width":1707,"height":2560},{"@type":"WebPage","@id":"https:\/\/www.editorial.lt\/shop\/lt\/product\/ab-atspaudai\/#webpage","url":"https:\/\/www.editorial.lt\/shop\/lt\/product\/ab-atspaudai\/","name":"AB atspaudai (1) - Editorial Shop","isPartOf":{"@id":"https:\/\/www.editorial.lt\/shop\/#website"},"primaryImageOfPage":{"@id":"https:\/\/www.editorial.lt\/shop\/lt\/product\/ab-atspaudai\/#primaryimage"},"datePublished":"2024-12-18T20:12:23+00:00","dateModified":"2024-12-18T20:29:42+00:00","breadcrumb":{"@id":"https:\/\/www.editorial.lt\/shop\/lt\/product\/ab-atspaudai\/#breadcrumb"},"inLanguage":"en-US","potentialAction":[{"@type":"ReadAction","target":["https:\/\/www.editorial.lt\/shop\/lt\/product\/ab-atspaudai\/"]}]},{"@type":"BreadcrumbList","@id":"https:\/\/www.editorial.lt\/shop\/lt\/product\/ab-atspaudai\/#breadcrumb","itemListElement":[{"@type":"ListItem","position":1,"name":"Home"},{"@type":"ListItem","position":2,"name":"Products","item":"https:\/\/www.editorial.lt\/shop\/en\/shop\/"},{"@type":"ListItem","position":3,"name":"AB atspaudai (1)"}]}]}},"_links":{"self":[{"href":"https:\/\/www.editorial.lt\/shop\/wp-json\/wp\/v2\/product\/1930"}],"collection":[{"href":"https:\/\/www.editorial.lt\/shop\/wp-json\/wp\/v2\/product"}],"about":[{"href":"https:\/\/www.editorial.lt\/shop\/wp-json\/wp\/v2\/types\/product"}],"wp:featuredmedia":[{"embeddable":true,"href":"https:\/\/www.editorial.lt\/shop\/wp-json\/wp\/v2\/media\/1953"}],"wp:attachment":[{"href":"https:\/\/www.editorial.lt\/shop\/wp-json\/wp\/v2\/media?parent=1930"}],"wp:term":[{"taxonomy":"product_cat","embeddable":true,"href":"https:\/\/www.editorial.lt\/shop\/wp-json\/wp\/v2\/product_cat?post=1930"},{"taxonomy":"product_tag","embeddable":true,"href":"https:\/\/www.editorial.lt\/shop\/wp-json\/wp\/v2\/product_tag?post=1930"}],"curies":[{"name":"wp","href":"https:\/\/api.w.org\/{rel}","templated":true}]}}