{"id":1675,"date":"2024-08-28T15:24:36","date_gmt":"2024-08-28T12:24:36","guid":{"rendered":"https:\/\/www.editorial.lt\/shop\/?post_type=product&#038;p=1675"},"modified":"2024-08-28T15:31:48","modified_gmt":"2024-08-28T12:31:48","slug":"sventieji-2","status":"publish","type":"product","link":"https:\/\/www.editorial.lt\/shop\/lt\/product\/sventieji-2\/","title":{"rendered":"\u0160ventieji (2)"},"content":{"rendered":"<p>Kamil\u0117 Krasauskait\u0117 (g. 1995)\u00a0 yra tarpdisciplininio meno k\u016br\u0117ja ir kurator\u0117, \u0161iuo metu gyvenanti ir kurianti Vilniuje. Jos praktika labai \u012fvairi \u2013 nuo instaliacij\u0173 ir skulpt\u016br\u0173 iki tapybos, leidini\u0173 ir susib\u016brim\u0173. Kamil\u0117 domisi sen\u0173j\u0173 amat\u0173 kaip giluminio kodo i\u0161saugojimu. Anot meninink\u0117s, \u0161is kodas padeda atskleisti ry\u0161ius su \u012fvairialypiu kasdieniu gyvenimu (pavyzd\u017eiui, vietini\u0173 kult\u016br\u0173 tik\u0117jimais ir praktikomis\u00ad). Meninink\u0117s naujausi\u0173 grupini\u0173 parod\u0173 ir performans\u0173 s\u0105ra\u0161e \u2013\u00a0 \u201eDismantling Dreams, Disrupted Seams\u201c (Rupert alternatyvios edukacijos programos baigiamoji paroda), buv\u0119s \u201eLelijos\u201c fabrikas, Vilnius;\u00a0 18-oji Talino grafikos trienal\u0117: \u201eRaugas kaip metafora\u201c (instaliacija bei performatyvi paskaita), pristatyta\u00a0 \u201eSlavs &amp; Tatars Pickle Bar\u201c;\u00a0 \u201eThe Sex Life of Fruit Flies\u201c, \u201eLow\u201c galerija, Ryga; ir \u201eBoiling Boullion\u201c (drauge su After Howl kolektyvu), \u201eL\u2019Annexe\u201c galerija,\u00a0 Pary\u017eius.\u00a0 Nuo 2018 m. Kamil\u0117 dirbo su After Howl kolektyvu Briuselyje, kur kartu pristat\u0117 savo darbus \u201eW139\u201c galerijoje\u00a0 (k\u016br\u0117 daugiafunkcin\u0119 erdv\u0119 \u2013 galerij\u0105, naktin\u012f klub\u0105, edukacin\u0119 platform\u0105, restoran\u0105). Ji yra viena i\u0161 projekto \u201eKrosnies Paviljonas\u201c iniciatori\u0173 (kartu su Ona Lozuraityte-I\u0161ore ir Petru I\u0161ora-Lozorai\u010diu), kuris bus atidarytas 2024 m. vasar\u0105 erdv\u0117je \u201eSodas 2123\u201c.<\/p>\n","protected":false},"excerpt":{"rendered":"<p>2016<br \/>\nOfortas (C3)<br \/>\n<span data-sheets-root=\"1\">43 x 32,5 cm<\/span><\/p>\n<p>Tira\u017eas: 6\/6<\/p>\n<p><em>Pastaba:<\/em>\u00a0<em>K\u016brinius siun\u010diame \u012f u\u017esien\u012f, pristatymo kaina derinama atskirai.<\/em><\/p>\n","protected":false},"featured_media":1676,"template":"","meta":{"spay_email":""},"product_cat":[27],"product_tag":[],"acf":[],"yoast_head":"<!-- This site is optimized with the Yoast SEO plugin v19.1 - https:\/\/yoast.com\/wordpress\/plugins\/seo\/ -->\n<title>\u0160ventieji (2) - Editorial Shop<\/title>\n<meta name=\"robots\" content=\"index, follow, max-snippet:-1, max-image-preview:large, max-video-preview:-1\" \/>\n<link rel=\"canonical\" href=\"https:\/\/www.editorial.lt\/shop\/lt\/product\/sventieji-2\/\" \/>\n<meta property=\"og:locale\" content=\"en_US\" \/>\n<meta property=\"og:type\" content=\"article\" \/>\n<meta property=\"og:title\" content=\"\u0160ventieji (2) - Editorial Shop\" \/>\n<meta property=\"og:description\" content=\"2016 Ofortas (C3) 43 x 32,5 cm  Tira\u017eas: 6\/6  Pastaba:\u00a0K\u016brinius siun\u010diame \u012f u\u017esien\u012f, pristatymo kaina derinama atskirai.\" \/>\n<meta property=\"og:url\" content=\"https:\/\/www.editorial.lt\/shop\/lt\/product\/sventieji-2\/\" \/>\n<meta property=\"og:site_name\" content=\"Editorial Shop\" \/>\n<meta property=\"article:modified_time\" content=\"2024-08-28T12:31:48+00:00\" \/>\n<meta property=\"og:image\" content=\"https:\/\/www.editorial.lt\/shop\/wp-content\/uploads\/sites\/2\/2024\/08\/IMG_5992-1-scaled.jpg\" \/>\n\t<meta property=\"og:image:width\" content=\"1844\" \/>\n\t<meta property=\"og:image:height\" content=\"2560\" \/>\n\t<meta property=\"og:image:type\" content=\"image\/jpeg\" \/>\n<meta name=\"twitter:card\" content=\"summary_large_image\" \/>\n<meta name=\"twitter:label1\" content=\"Est. reading time\" \/>\n\t<meta name=\"twitter:data1\" content=\"1 minute\" \/>\n<script type=\"application\/ld+json\" class=\"yoast-schema-graph\">{\"@context\":\"https:\/\/schema.org\",\"@graph\":[{\"@type\":\"WebSite\",\"@id\":\"https:\/\/www.editorial.lt\/shop\/#website\",\"url\":\"https:\/\/www.editorial.lt\/shop\/\",\"name\":\"Editorial Shop\",\"description\":\"\",\"potentialAction\":[{\"@type\":\"SearchAction\",\"target\":{\"@type\":\"EntryPoint\",\"urlTemplate\":\"https:\/\/www.editorial.lt\/shop\/?s={search_term_string}\"},\"query-input\":\"required name=search_term_string\"}],\"inLanguage\":\"en-US\"},{\"@type\":\"ImageObject\",\"inLanguage\":\"en-US\",\"@id\":\"https:\/\/www.editorial.lt\/shop\/lt\/product\/sventieji-2\/#primaryimage\",\"url\":\"https:\/\/www.editorial.lt\/shop\/wp-content\/uploads\/sites\/2\/2024\/08\/IMG_5992-1-scaled.jpg\",\"contentUrl\":\"https:\/\/www.editorial.lt\/shop\/wp-content\/uploads\/sites\/2\/2024\/08\/IMG_5992-1-scaled.jpg\",\"width\":1844,\"height\":2560},{\"@type\":\"WebPage\",\"@id\":\"https:\/\/www.editorial.lt\/shop\/lt\/product\/sventieji-2\/#webpage\",\"url\":\"https:\/\/www.editorial.lt\/shop\/lt\/product\/sventieji-2\/\",\"name\":\"\u0160ventieji (2) - Editorial Shop\",\"isPartOf\":{\"@id\":\"https:\/\/www.editorial.lt\/shop\/#website\"},\"primaryImageOfPage\":{\"@id\":\"https:\/\/www.editorial.lt\/shop\/lt\/product\/sventieji-2\/#primaryimage\"},\"datePublished\":\"2024-08-28T12:24:36+00:00\",\"dateModified\":\"2024-08-28T12:31:48+00:00\",\"breadcrumb\":{\"@id\":\"https:\/\/www.editorial.lt\/shop\/lt\/product\/sventieji-2\/#breadcrumb\"},\"inLanguage\":\"en-US\",\"potentialAction\":[{\"@type\":\"ReadAction\",\"target\":[\"https:\/\/www.editorial.lt\/shop\/lt\/product\/sventieji-2\/\"]}]},{\"@type\":\"BreadcrumbList\",\"@id\":\"https:\/\/www.editorial.lt\/shop\/lt\/product\/sventieji-2\/#breadcrumb\",\"itemListElement\":[{\"@type\":\"ListItem\",\"position\":1,\"name\":\"Home\"},{\"@type\":\"ListItem\",\"position\":2,\"name\":\"Products\",\"item\":\"https:\/\/www.editorial.lt\/shop\/en\/shop\/\"},{\"@type\":\"ListItem\",\"position\":3,\"name\":\"\u0160ventieji (2)\"}]}]}<\/script>\n<!-- \/ Yoast SEO plugin. -->","yoast_head_json":{"title":"\u0160ventieji (2) - Editorial Shop","robots":{"index":"index","follow":"follow","max-snippet":"max-snippet:-1","max-image-preview":"max-image-preview:large","max-video-preview":"max-video-preview:-1"},"canonical":"https:\/\/www.editorial.lt\/shop\/lt\/product\/sventieji-2\/","og_locale":"en_US","og_type":"article","og_title":"\u0160ventieji (2) - Editorial Shop","og_description":"2016 Ofortas (C3) 43 x 32,5 cm  Tira\u017eas: 6\/6  Pastaba:\u00a0K\u016brinius siun\u010diame \u012f u\u017esien\u012f, pristatymo kaina derinama atskirai.","og_url":"https:\/\/www.editorial.lt\/shop\/lt\/product\/sventieji-2\/","og_site_name":"Editorial Shop","article_modified_time":"2024-08-28T12:31:48+00:00","og_image":[{"width":1844,"height":2560,"url":"https:\/\/www.editorial.lt\/shop\/wp-content\/uploads\/sites\/2\/2024\/08\/IMG_5992-1-scaled.jpg","type":"image\/jpeg"}],"twitter_card":"summary_large_image","twitter_misc":{"Est. reading time":"1 minute"},"schema":{"@context":"https:\/\/schema.org","@graph":[{"@type":"WebSite","@id":"https:\/\/www.editorial.lt\/shop\/#website","url":"https:\/\/www.editorial.lt\/shop\/","name":"Editorial Shop","description":"","potentialAction":[{"@type":"SearchAction","target":{"@type":"EntryPoint","urlTemplate":"https:\/\/www.editorial.lt\/shop\/?s={search_term_string}"},"query-input":"required name=search_term_string"}],"inLanguage":"en-US"},{"@type":"ImageObject","inLanguage":"en-US","@id":"https:\/\/www.editorial.lt\/shop\/lt\/product\/sventieji-2\/#primaryimage","url":"https:\/\/www.editorial.lt\/shop\/wp-content\/uploads\/sites\/2\/2024\/08\/IMG_5992-1-scaled.jpg","contentUrl":"https:\/\/www.editorial.lt\/shop\/wp-content\/uploads\/sites\/2\/2024\/08\/IMG_5992-1-scaled.jpg","width":1844,"height":2560},{"@type":"WebPage","@id":"https:\/\/www.editorial.lt\/shop\/lt\/product\/sventieji-2\/#webpage","url":"https:\/\/www.editorial.lt\/shop\/lt\/product\/sventieji-2\/","name":"\u0160ventieji (2) - Editorial Shop","isPartOf":{"@id":"https:\/\/www.editorial.lt\/shop\/#website"},"primaryImageOfPage":{"@id":"https:\/\/www.editorial.lt\/shop\/lt\/product\/sventieji-2\/#primaryimage"},"datePublished":"2024-08-28T12:24:36+00:00","dateModified":"2024-08-28T12:31:48+00:00","breadcrumb":{"@id":"https:\/\/www.editorial.lt\/shop\/lt\/product\/sventieji-2\/#breadcrumb"},"inLanguage":"en-US","potentialAction":[{"@type":"ReadAction","target":["https:\/\/www.editorial.lt\/shop\/lt\/product\/sventieji-2\/"]}]},{"@type":"BreadcrumbList","@id":"https:\/\/www.editorial.lt\/shop\/lt\/product\/sventieji-2\/#breadcrumb","itemListElement":[{"@type":"ListItem","position":1,"name":"Home"},{"@type":"ListItem","position":2,"name":"Products","item":"https:\/\/www.editorial.lt\/shop\/en\/shop\/"},{"@type":"ListItem","position":3,"name":"\u0160ventieji (2)"}]}]}},"_links":{"self":[{"href":"https:\/\/www.editorial.lt\/shop\/wp-json\/wp\/v2\/product\/1675"}],"collection":[{"href":"https:\/\/www.editorial.lt\/shop\/wp-json\/wp\/v2\/product"}],"about":[{"href":"https:\/\/www.editorial.lt\/shop\/wp-json\/wp\/v2\/types\/product"}],"wp:featuredmedia":[{"embeddable":true,"href":"https:\/\/www.editorial.lt\/shop\/wp-json\/wp\/v2\/media\/1676"}],"wp:attachment":[{"href":"https:\/\/www.editorial.lt\/shop\/wp-json\/wp\/v2\/media?parent=1675"}],"wp:term":[{"taxonomy":"product_cat","embeddable":true,"href":"https:\/\/www.editorial.lt\/shop\/wp-json\/wp\/v2\/product_cat?post=1675"},{"taxonomy":"product_tag","embeddable":true,"href":"https:\/\/www.editorial.lt\/shop\/wp-json\/wp\/v2\/product_tag?post=1675"}],"curies":[{"name":"wp","href":"https:\/\/api.w.org\/{rel}","templated":true}]}}