{"id":1560,"date":"2023-09-27T16:47:14","date_gmt":"2023-09-27T13:47:14","guid":{"rendered":"https:\/\/www.editorial.lt\/shop\/?post_type=product&#038;p=1560"},"modified":"2023-09-27T16:50:46","modified_gmt":"2023-09-27T13:50:46","slug":"gruodzio-31","status":"publish","type":"product","link":"https:\/\/www.editorial.lt\/shop\/lt\/product\/gruodzio-31\/","title":{"rendered":"Gruod\u017eio 31"},"content":{"rendered":"<p>Milda Lembertait\u0117 gim\u0117 Klaip\u0117doje, \u0161iuo metu gyvena ir kuria Londone. Meninink\u0117s k\u016bryba laviruoja tarp skulpt\u016bros ir skaitmeninio videomeno, ekologinio aktyvizmo ir dadaistinio performanso. Savo k\u016bryboje Milda nagrin\u0117ja santyk\u012f su gamta, technologijomis ir istorija ir tiria, k\u0105 mes galime su\u017einoti apie save \u017evelgdami i\u0161 ne\u017emogi\u0161kos perspektyvos, daugiausia d\u0117mesio skirdama med\u017eiagi\u0161kumui ir bendradarbiavimo praktikoms.<\/p>\n<p>Performansuose meninink\u0117 naudoja TV ekran\u0173 vaizdin\u0119 kalb\u0105, skland\u017eiai suliedama j\u0105 su \u017emogaus kont\u016brais. Tokie choreografi\u0161ki judesiai lengvai \u012fveikia rib\u0105 tarp ap\u010diuopiamo ir neap\u010diuopiamo, skaitmenin\u012f vaizd\u0105 perteikdami kaip prakait\u0105 bei \u012ftamp\u0105. Pasitelkdama \u0161i\u0105 sinergij\u0105, k\u016br\u0117ja tyrin\u0117ja technologij\u0173 nematerialum\u0105 ir j\u0173 k\u016bni\u0161kas aprai\u0161kas.<\/p>\n<p>Mildai Lembertait\u0117 baig\u0117 vizualiojo meno magistro studijas \u201eChelsea\u201c men\u0173 koled\u017ee ir performanso dizaino ir praktikos bakalaur\u0105 \u201eSaint Martin\u2018s\u201c meno ir dizaino koled\u017ee, Londone. Meninink\u0117s parod\u0173 bei rezidencij\u0173 s\u0105ra\u0161e \u2013 \u0160veicarijos performanso meno apdovanojim\u0173 paroda ( \u201eKunstmuseum\u201c, Liucerna, 2022 m.), \u201ePrimeval\u201c (galerija \u201eUnit 1\u201c, Londonas, 2023 m.), \u201eAmada Verde\u201c (\u201eHaus am L\u00fctzowplatz\u201c, Berlynas, 2021 m.), \u201eVOLUMES\u201c (\u201eKunsthalle\u201c, Ciurichas, 2019 m.), \u201eCan You Feel It?\u201c (\u201eLast Tango\u201c, Ciurichas, 2019 m.), \u201eBeep\u201c (\u201eDANCE4\u201c, Notingamas, 2019 m.), \u0160veicarijos meno apdovanojim\u0173 paroda (\u201eHalle 4\u201c, \u201eArt Basel\u201c, Bazelis, 2019 m.), \u201eRA Lates: Transcendence\u201c (\u201eRoyal Academy\u201c, Londonas, 2019 m.), \u201eThe Day Of The Dead\u201c (\u201eBritish Library\u201c, Londonas, 2019 m.), \u201eHamza \u2013 Exodus To The Underground\u201c (\u201eSalon 61\u201c, \u201eABA, Berlynas\u201c, 2019 m.), \u201eLABVERDE\u201c (\u201eThe Amazon\u201c, Brazilija, 2018 m.), \u201eI Scream, You Scream, We All Scream For Ice Cream\u201c (\u201eFondazione Baruchello\u201c, Roma, 2017 m.), \u201ePer\u00edmetro: Cine Expandido\u201c (\u201eDigital\u201c kult\u016bros centras, Meksikas, 2016 m.), \u201eChe c\u2019\u00e8 di nuovo?\u201c (\u201eMASI\u201c, Luganas, 2016 m.), taip pat rezidencij\u0173 ir dirbtuvi\u0173 ciklas \u201eArtists-in-Residence\/Schools Workshops\u201c (\u201eTATE Modern\u201c ir \u201eTATE Britain\u201c, Londonas, 2016 m.).<\/p>\n","protected":false},"excerpt":{"rendered":"<p>Nor\u0117dami su\u017einoti kain\u0105 para\u0161ykite mums<\/p>\n<p>2020 &#8211; 2021<br \/>\nRastas medis (Ri\u010dmondo parkas, Londonas), obsidiano akmuo, aliejiniai da\u017eai, sidabro lak\u0161tai, dirbtin\u0117s blakstienos<br \/>\n61 x 158 x 72 cm<\/p>\n<p><em>Pastaba:<\/em> <em>K\u016brinius siun\u010diame \u012f u\u017esien\u012f, pristatymo kaina derinama atskirai.<\/em><\/p>\n<p>&nbsp;<\/p>\n","protected":false},"featured_media":1562,"template":"","meta":{"spay_email":""},"product_cat":[27],"product_tag":[],"acf":[],"yoast_head":"<!-- This site is optimized with the Yoast SEO plugin v19.1 - https:\/\/yoast.com\/wordpress\/plugins\/seo\/ -->\n<title>Gruod\u017eio 31 - Editorial Shop<\/title>\n<meta name=\"robots\" content=\"index, follow, max-snippet:-1, max-image-preview:large, max-video-preview:-1\" \/>\n<link rel=\"canonical\" href=\"https:\/\/www.editorial.lt\/shop\/lt\/product\/gruodzio-31\/\" \/>\n<meta property=\"og:locale\" content=\"en_US\" \/>\n<meta property=\"og:type\" content=\"article\" \/>\n<meta property=\"og:title\" content=\"Gruod\u017eio 31 - Editorial Shop\" \/>\n<meta property=\"og:description\" content=\"Nor\u0117dami su\u017einoti kain\u0105 para\u0161ykite mums  2020 - 2021 Rastas medis (Ri\u010dmondo parkas, Londonas), obsidiano akmuo, aliejiniai da\u017eai, sidabro lak\u0161tai, dirbtin\u0117s blakstienos 61 x 158 x 72 cm  Pastaba: K\u016brinius siun\u010diame \u012f u\u017esien\u012f, pristatymo kaina derinama atskirai.  &nbsp;\" \/>\n<meta property=\"og:url\" content=\"https:\/\/www.editorial.lt\/shop\/lt\/product\/gruodzio-31\/\" \/>\n<meta property=\"og:site_name\" content=\"Editorial Shop\" \/>\n<meta property=\"article:modified_time\" content=\"2023-09-27T13:50:46+00:00\" \/>\n<meta property=\"og:image\" content=\"https:\/\/www.editorial.lt\/shop\/wp-content\/uploads\/sites\/2\/2023\/09\/22-INCANTATIONS_EDITORIAL_ANNA-RUTH_MILDA-LEMBERTAITE-scaled.jpg\" \/>\n\t<meta property=\"og:image:width\" content=\"2560\" \/>\n\t<meta property=\"og:image:height\" content=\"1707\" \/>\n\t<meta property=\"og:image:type\" content=\"image\/jpeg\" \/>\n<meta name=\"twitter:card\" content=\"summary_large_image\" \/>\n<meta name=\"twitter:label1\" content=\"Est. reading time\" \/>\n\t<meta name=\"twitter:data1\" content=\"1 minute\" \/>\n<script type=\"application\/ld+json\" class=\"yoast-schema-graph\">{\"@context\":\"https:\/\/schema.org\",\"@graph\":[{\"@type\":\"WebSite\",\"@id\":\"https:\/\/www.editorial.lt\/shop\/#website\",\"url\":\"https:\/\/www.editorial.lt\/shop\/\",\"name\":\"Editorial Shop\",\"description\":\"\",\"potentialAction\":[{\"@type\":\"SearchAction\",\"target\":{\"@type\":\"EntryPoint\",\"urlTemplate\":\"https:\/\/www.editorial.lt\/shop\/?s={search_term_string}\"},\"query-input\":\"required name=search_term_string\"}],\"inLanguage\":\"en-US\"},{\"@type\":\"ImageObject\",\"inLanguage\":\"en-US\",\"@id\":\"https:\/\/www.editorial.lt\/shop\/lt\/product\/gruodzio-31\/#primaryimage\",\"url\":\"https:\/\/www.editorial.lt\/shop\/wp-content\/uploads\/sites\/2\/2023\/09\/22-INCANTATIONS_EDITORIAL_ANNA-RUTH_MILDA-LEMBERTAITE-scaled.jpg\",\"contentUrl\":\"https:\/\/www.editorial.lt\/shop\/wp-content\/uploads\/sites\/2\/2023\/09\/22-INCANTATIONS_EDITORIAL_ANNA-RUTH_MILDA-LEMBERTAITE-scaled.jpg\",\"width\":2560,\"height\":1707},{\"@type\":\"WebPage\",\"@id\":\"https:\/\/www.editorial.lt\/shop\/lt\/product\/gruodzio-31\/#webpage\",\"url\":\"https:\/\/www.editorial.lt\/shop\/lt\/product\/gruodzio-31\/\",\"name\":\"Gruod\u017eio 31 - Editorial Shop\",\"isPartOf\":{\"@id\":\"https:\/\/www.editorial.lt\/shop\/#website\"},\"primaryImageOfPage\":{\"@id\":\"https:\/\/www.editorial.lt\/shop\/lt\/product\/gruodzio-31\/#primaryimage\"},\"datePublished\":\"2023-09-27T13:47:14+00:00\",\"dateModified\":\"2023-09-27T13:50:46+00:00\",\"breadcrumb\":{\"@id\":\"https:\/\/www.editorial.lt\/shop\/lt\/product\/gruodzio-31\/#breadcrumb\"},\"inLanguage\":\"en-US\",\"potentialAction\":[{\"@type\":\"ReadAction\",\"target\":[\"https:\/\/www.editorial.lt\/shop\/lt\/product\/gruodzio-31\/\"]}]},{\"@type\":\"BreadcrumbList\",\"@id\":\"https:\/\/www.editorial.lt\/shop\/lt\/product\/gruodzio-31\/#breadcrumb\",\"itemListElement\":[{\"@type\":\"ListItem\",\"position\":1,\"name\":\"Home\"},{\"@type\":\"ListItem\",\"position\":2,\"name\":\"Products\",\"item\":\"https:\/\/www.editorial.lt\/shop\/en\/shop\/\"},{\"@type\":\"ListItem\",\"position\":3,\"name\":\"Gruod\u017eio 31\"}]}]}<\/script>\n<!-- \/ Yoast SEO plugin. -->","yoast_head_json":{"title":"Gruod\u017eio 31 - Editorial Shop","robots":{"index":"index","follow":"follow","max-snippet":"max-snippet:-1","max-image-preview":"max-image-preview:large","max-video-preview":"max-video-preview:-1"},"canonical":"https:\/\/www.editorial.lt\/shop\/lt\/product\/gruodzio-31\/","og_locale":"en_US","og_type":"article","og_title":"Gruod\u017eio 31 - Editorial Shop","og_description":"Nor\u0117dami su\u017einoti kain\u0105 para\u0161ykite mums  2020 - 2021 Rastas medis (Ri\u010dmondo parkas, Londonas), obsidiano akmuo, aliejiniai da\u017eai, sidabro lak\u0161tai, dirbtin\u0117s blakstienos 61 x 158 x 72 cm  Pastaba: K\u016brinius siun\u010diame \u012f u\u017esien\u012f, pristatymo kaina derinama atskirai.  &nbsp;","og_url":"https:\/\/www.editorial.lt\/shop\/lt\/product\/gruodzio-31\/","og_site_name":"Editorial Shop","article_modified_time":"2023-09-27T13:50:46+00:00","og_image":[{"width":2560,"height":1707,"url":"https:\/\/www.editorial.lt\/shop\/wp-content\/uploads\/sites\/2\/2023\/09\/22-INCANTATIONS_EDITORIAL_ANNA-RUTH_MILDA-LEMBERTAITE-scaled.jpg","type":"image\/jpeg"}],"twitter_card":"summary_large_image","twitter_misc":{"Est. reading time":"1 minute"},"schema":{"@context":"https:\/\/schema.org","@graph":[{"@type":"WebSite","@id":"https:\/\/www.editorial.lt\/shop\/#website","url":"https:\/\/www.editorial.lt\/shop\/","name":"Editorial Shop","description":"","potentialAction":[{"@type":"SearchAction","target":{"@type":"EntryPoint","urlTemplate":"https:\/\/www.editorial.lt\/shop\/?s={search_term_string}"},"query-input":"required name=search_term_string"}],"inLanguage":"en-US"},{"@type":"ImageObject","inLanguage":"en-US","@id":"https:\/\/www.editorial.lt\/shop\/lt\/product\/gruodzio-31\/#primaryimage","url":"https:\/\/www.editorial.lt\/shop\/wp-content\/uploads\/sites\/2\/2023\/09\/22-INCANTATIONS_EDITORIAL_ANNA-RUTH_MILDA-LEMBERTAITE-scaled.jpg","contentUrl":"https:\/\/www.editorial.lt\/shop\/wp-content\/uploads\/sites\/2\/2023\/09\/22-INCANTATIONS_EDITORIAL_ANNA-RUTH_MILDA-LEMBERTAITE-scaled.jpg","width":2560,"height":1707},{"@type":"WebPage","@id":"https:\/\/www.editorial.lt\/shop\/lt\/product\/gruodzio-31\/#webpage","url":"https:\/\/www.editorial.lt\/shop\/lt\/product\/gruodzio-31\/","name":"Gruod\u017eio 31 - Editorial Shop","isPartOf":{"@id":"https:\/\/www.editorial.lt\/shop\/#website"},"primaryImageOfPage":{"@id":"https:\/\/www.editorial.lt\/shop\/lt\/product\/gruodzio-31\/#primaryimage"},"datePublished":"2023-09-27T13:47:14+00:00","dateModified":"2023-09-27T13:50:46+00:00","breadcrumb":{"@id":"https:\/\/www.editorial.lt\/shop\/lt\/product\/gruodzio-31\/#breadcrumb"},"inLanguage":"en-US","potentialAction":[{"@type":"ReadAction","target":["https:\/\/www.editorial.lt\/shop\/lt\/product\/gruodzio-31\/"]}]},{"@type":"BreadcrumbList","@id":"https:\/\/www.editorial.lt\/shop\/lt\/product\/gruodzio-31\/#breadcrumb","itemListElement":[{"@type":"ListItem","position":1,"name":"Home"},{"@type":"ListItem","position":2,"name":"Products","item":"https:\/\/www.editorial.lt\/shop\/en\/shop\/"},{"@type":"ListItem","position":3,"name":"Gruod\u017eio 31"}]}]}},"_links":{"self":[{"href":"https:\/\/www.editorial.lt\/shop\/wp-json\/wp\/v2\/product\/1560"}],"collection":[{"href":"https:\/\/www.editorial.lt\/shop\/wp-json\/wp\/v2\/product"}],"about":[{"href":"https:\/\/www.editorial.lt\/shop\/wp-json\/wp\/v2\/types\/product"}],"wp:featuredmedia":[{"embeddable":true,"href":"https:\/\/www.editorial.lt\/shop\/wp-json\/wp\/v2\/media\/1562"}],"wp:attachment":[{"href":"https:\/\/www.editorial.lt\/shop\/wp-json\/wp\/v2\/media?parent=1560"}],"wp:term":[{"taxonomy":"product_cat","embeddable":true,"href":"https:\/\/www.editorial.lt\/shop\/wp-json\/wp\/v2\/product_cat?post=1560"},{"taxonomy":"product_tag","embeddable":true,"href":"https:\/\/www.editorial.lt\/shop\/wp-json\/wp\/v2\/product_tag?post=1560"}],"curies":[{"name":"wp","href":"https:\/\/api.w.org\/{rel}","templated":true}]}}