{"id":385,"date":"2020-04-06T11:28:06","date_gmt":"2020-04-06T08:28:06","guid":{"rendered":"https:\/\/www.editorial.lt\/shop\/?page_id=385"},"modified":"2020-04-27T17:11:20","modified_gmt":"2020-04-27T14:11:20","slug":"pirkimas-ir-pristatymas-2","status":"publish","type":"page","link":"https:\/\/www.editorial.lt\/shop\/lt\/pirkimas-ir-pristatymas-2\/","title":{"rendered":"Pirkimas ir pristatymas"},"content":{"rendered":"<p>U\u017dSAKYMAS IR PIRKIMAS<\/p>\n<p>Radus tinkam\u0105 prek\u0119, j\u0105 reikia \u012fsid\u0117ti \u012f krep\u0161el\u012f. Tai padaryti galite paspaud\u0119 mygtuk\u0105 \u201e\u012e krep\u0161el\u012f\u201c. Paspaudus prek\u0117 \u012fdedama \u012f krep\u0161el\u012f. Tada J\u016bs galite arba pirkti prek\u0119, arba toliau ie\u0161koti kit\u0173, kurias irgi gal\u0117site \u012fsid\u0117ti \u012f krep\u0161el\u012f. Krep\u0161elio talpa n\u0117ra ribojama.<\/p>\n<p>I\u0161sirink\u0119 prekes ir nor\u0117dami jas u\u017esisakyti, preki\u0173 krep\u0161elyje paspauskite mygtuk\u0105 \u201eT\u0119sti atsiskaitym\u0105\u201c. Atsidarys apmok\u0117jimo langas, kuriame Jums tiesiog reik\u0117s suvesti pristatymui reikaling\u0105 informacij\u0105.<\/p>\n<p>MOK\u0116JIMAS<\/p>\n<p>\u012era\u0161\u0119 reikiam\u0105 informacij\u0105 ir per\u017ei\u016br\u0117j\u0119 krep\u0161el\u012f galite sumok\u0117ti u\u017e pirkinius. Galite pasirinkti tarp dviej\u0173 mok\u0117jimo b\u016bd\u0173:<\/p>\n<p>Mok\u0117jimas banko pavedimu \u2013 patvirtin\u0119 u\u017esakym\u0105 J\u016bs gausite prane\u0161im\u0105 su banko rekvizitais, kur reikia pervesti sum\u0105 u\u017e prekes. Gavus mok\u0117jim\u0105 Jums bus i\u0161si\u0173stos prek\u0117s.<\/p>\n<p>Mok\u0117jimas per PayPal \u2013 pasirinkus \u0161\u012f variant\u0105 atsidarys langas, kuriame reik\u0117s suvesti duomenis ir sumok\u0117ti u\u017e prekes. Mes i\u0161 karto gauname prane\u0161im\u0105 apie J\u016bs\u0173 mok\u0117jim\u0105 ir i\u0161siun\u010diame prekes. J\u016bs taip pat gaunate mok\u0117jimo patvirtinim\u0105.<\/p>\n<p>U\u017dSAKYMO PATVIRTINIMAS IR PREK\u0116S PRISTATYMAS<\/p>\n<p>Sumok\u0117j\u0119 u\u017e prekes J\u016bs gausite u\u017esakymo patvirtinim\u0105 (jeigu naudojate PayPal,\u00a0 patvirtinim\u0105 gausite i\u0161 karto, jeigu mok\u0117jote pavedimu \u2013 per 2 d. dienas).<\/p>\n<p>PRISTATYMAS<\/p>\n<p>Prekes galima atsiimti i\u0161 m\u016bs\u0173 ofiso Latako g. 3 Vilniuje. \u0160\u012f atsi\u0117mimo b\u016bd\u0105 galite nurodyti formuodami u\u017esakym\u0105.<\/p>\n<p>Kiti pristatymo b\u016bdai:<br \/>\n\u2013 registruota siunta <em>Lietuvos pa\u0161tu<\/em>. Pristatymo kaina \u2013 tuo metu pa\u0161to taikomos kainos. Pristatymo trukm\u0117 2\u20135 darbo dienos.\u00a0.<br \/>\n<em><i>\u2013 LP Express<\/i><\/em>\u00a0pa\u0161tomat\u0173 terminalu. U\u017esakymo pastaboje nurodykite jums artimiausi\u0105 pa\u0161tomato adres\u0105. Pristatoma tik Lietuvoje.<\/p>\n<p>-Jei turite klausim\u0173 \u2013 nedvejokite ir ra\u0161ykite ar skambinkite.<\/p>\n<p><em><i>\u2013 <\/i><\/em>Pasirinkus pristatymo b\u016bd\u0105, jo kaina paskai\u010diuojama automati\u0161kai priklausomai nuo siuntos svorio ir Lietuvos pa\u0161to \u012fkaini\u0173.<\/p>\n<p><em><i>\u2013 <\/i><\/em>Jei j\u016bs\u0173 prek\u0117 v\u0117luoja, bus pamesta arba pavogta transportavimo metu, mes padarysime visk\u0105, k\u0105 galime, kad j\u016bs atgautum\u0117te pirkinius bei pad\u0117sime kontaktuoti su pristatan\u010dia \u012fmone, ta\u010diau atsakomyb\u0117s u\u017e transportuojamas prekes negalime prisiimti.<\/p>\n<p>TARPTAUTINIS PREKI\u0172 PRISTATYMAS<\/p>\n<p><em><i>\u2013 <\/i><\/em>Atkreipiame d\u0117mes\u012f, kad \u012f pristatymo kain\u0105 n\u0117ra \u012ftraukti muito ar importo mokes\u010diai, kurie gali priklausyti nuo \u0161alies \u012f kuri\u0105 transportuojama prek\u0117. Prek\u0117s gali b\u016bti papildomai apmokestinamos pristatymo \u0161alyje, visus papildomus mokes\u010dius atsiimant prek\u0119 \u012fsipareigoja apmok\u0117ti pirk\u0117jas.<\/p>\n<p>PREKI\u0172 GR\u0104\u017dINIMAS<\/p>\n<p>Kadangi visos prek\u0117s yra meno k\u016briniai, kuriuos perkant tuo pa\u010diu prisidedama prie projekt\u0173 erdv\u0117s Editorial veiklos, preki\u0173 gr\u0105\u017einimas nenumatomas.<\/p>\n<p><em><i>FORCE MAJEURE<\/i><\/em><\/p>\n<p>I\u0161kilus <em><i>force majeure<\/i><\/em>\u00a0(nenugalimos j\u0117gos) aplinkyb\u0117ms, <em>Editorial<\/em> \u012fsipareigojimai atidedami. Sutart\u012f tarp j\u016bs\u0173 ir <em>Editorial<\/em> tokiais atvejais galite i\u0161 dalies arba visi\u0161kai nutraukti j\u016bs patys arba <em>Editorial. <i>Force majeure<\/i><\/em>\u00a0priskiriama COVID-19, karo, pilietinio karo, revoliucijos, riau\u0161i\u0173, vyriausyb\u0117s priemoni\u0173, streiko, blokad\u0173, elektros, telefono ar interneto paslaug\u0173 gedimo, stichini\u0173 nelaimi\u0173 ar pana\u0161i\u0173 \u012fvyki\u0173 atvejai.<\/p>\n<p>I\u0161tikus tokioms aplinkyb\u0117ms <em>Editorial<\/em> d\u0117s visas \u012fmanomas pastangas, kad \u00a0su u\u017esakymu susijusios problemos b\u016bt\u0173 i\u0161spr\u0119stos.<\/p>\n","protected":false},"excerpt":{"rendered":"<p>U\u017dSAKYMAS IR PIRKIMAS Radus tinkam\u0105 prek\u0119, j\u0105 reikia \u012fsid\u0117ti \u012f krep\u0161el\u012f. Tai padaryti galite paspaud\u0119 mygtuk\u0105 \u201e\u012e krep\u0161el\u012f\u201c. Paspaudus prek\u0117 \u012fdedama \u012f krep\u0161el\u012f. Tada J\u016bs galite arba pirkti prek\u0119, arba toliau ie\u0161koti kit\u0173, kurias irgi gal\u0117site \u012fsid\u0117ti \u012f krep\u0161el\u012f. Krep\u0161elio talpa n\u0117ra ribojama. I\u0161sirink\u0119 prekes ir nor\u0117dami jas u\u017esisakyti, preki\u0173 krep\u0161elyje paspauskite mygtuk\u0105 \u201eT\u0119sti atsiskaitym\u0105\u201c.&hellip;&nbsp;<a href=\"https:\/\/www.editorial.lt\/shop\/lt\/pirkimas-ir-pristatymas-2\/\" class=\"\" rel=\"bookmark\">Read More &raquo;<span class=\"screen-reader-text\">Pirkimas ir pristatymas<\/span><\/a><\/p>\n","protected":false},"author":1,"featured_media":0,"parent":0,"menu_order":0,"comment_status":"closed","ping_status":"closed","template":"","meta":{"spay_email":""},"acf":[],"yoast_head":"<!-- This site is optimized with the Yoast SEO plugin v19.1 - https:\/\/yoast.com\/wordpress\/plugins\/seo\/ -->\n<title>Pirkimas ir pristatymas - Editorial Shop<\/title>\n<meta name=\"robots\" content=\"index, follow, max-snippet:-1, max-image-preview:large, max-video-preview:-1\" \/>\n<link rel=\"canonical\" href=\"https:\/\/www.editorial.lt\/shop\/lt\/pirkimas-ir-pristatymas-2\/\" \/>\n<meta property=\"og:locale\" content=\"en_US\" \/>\n<meta property=\"og:type\" content=\"article\" \/>\n<meta property=\"og:title\" content=\"Pirkimas ir pristatymas - Editorial Shop\" \/>\n<meta property=\"og:description\" content=\"U\u017dSAKYMAS IR PIRKIMAS Radus tinkam\u0105 prek\u0119, j\u0105 reikia \u012fsid\u0117ti \u012f krep\u0161el\u012f. Tai padaryti galite paspaud\u0119 mygtuk\u0105 \u201e\u012e krep\u0161el\u012f\u201c. Paspaudus prek\u0117 \u012fdedama \u012f krep\u0161el\u012f. Tada J\u016bs galite arba pirkti prek\u0119, arba toliau ie\u0161koti kit\u0173, kurias irgi gal\u0117site \u012fsid\u0117ti \u012f krep\u0161el\u012f. Krep\u0161elio talpa n\u0117ra ribojama. I\u0161sirink\u0119 prekes ir nor\u0117dami jas u\u017esisakyti, preki\u0173 krep\u0161elyje paspauskite mygtuk\u0105 \u201eT\u0119sti atsiskaitym\u0105\u201c.&hellip;&nbsp;Read More &raquo;Pirkimas ir pristatymas\" \/>\n<meta property=\"og:url\" content=\"https:\/\/www.editorial.lt\/shop\/lt\/pirkimas-ir-pristatymas-2\/\" \/>\n<meta property=\"og:site_name\" content=\"Editorial Shop\" \/>\n<meta property=\"article:modified_time\" content=\"2020-04-27T14:11:20+00:00\" \/>\n<meta name=\"twitter:card\" content=\"summary_large_image\" \/>\n<meta name=\"twitter:label1\" content=\"Est. reading time\" \/>\n\t<meta name=\"twitter:data1\" content=\"2 minutes\" \/>\n<script type=\"application\/ld+json\" class=\"yoast-schema-graph\">{\"@context\":\"https:\/\/schema.org\",\"@graph\":[{\"@type\":\"WebSite\",\"@id\":\"https:\/\/www.editorial.lt\/shop\/#website\",\"url\":\"https:\/\/www.editorial.lt\/shop\/\",\"name\":\"Editorial Shop\",\"description\":\"\",\"potentialAction\":[{\"@type\":\"SearchAction\",\"target\":{\"@type\":\"EntryPoint\",\"urlTemplate\":\"https:\/\/www.editorial.lt\/shop\/?s={search_term_string}\"},\"query-input\":\"required name=search_term_string\"}],\"inLanguage\":\"en-US\"},{\"@type\":\"WebPage\",\"@id\":\"https:\/\/www.editorial.lt\/shop\/lt\/pirkimas-ir-pristatymas-2\/#webpage\",\"url\":\"https:\/\/www.editorial.lt\/shop\/lt\/pirkimas-ir-pristatymas-2\/\",\"name\":\"Pirkimas ir pristatymas - Editorial Shop\",\"isPartOf\":{\"@id\":\"https:\/\/www.editorial.lt\/shop\/#website\"},\"datePublished\":\"2020-04-06T08:28:06+00:00\",\"dateModified\":\"2020-04-27T14:11:20+00:00\",\"breadcrumb\":{\"@id\":\"https:\/\/www.editorial.lt\/shop\/lt\/pirkimas-ir-pristatymas-2\/#breadcrumb\"},\"inLanguage\":\"en-US\",\"potentialAction\":[{\"@type\":\"ReadAction\",\"target\":[\"https:\/\/www.editorial.lt\/shop\/lt\/pirkimas-ir-pristatymas-2\/\"]}]},{\"@type\":\"BreadcrumbList\",\"@id\":\"https:\/\/www.editorial.lt\/shop\/lt\/pirkimas-ir-pristatymas-2\/#breadcrumb\",\"itemListElement\":[{\"@type\":\"ListItem\",\"position\":1,\"name\":\"Home\"},{\"@type\":\"ListItem\",\"position\":2,\"name\":\"Pirkimas ir pristatymas\"}]}]}<\/script>\n<!-- \/ Yoast SEO plugin. -->","yoast_head_json":{"title":"Pirkimas ir pristatymas - Editorial Shop","robots":{"index":"index","follow":"follow","max-snippet":"max-snippet:-1","max-image-preview":"max-image-preview:large","max-video-preview":"max-video-preview:-1"},"canonical":"https:\/\/www.editorial.lt\/shop\/lt\/pirkimas-ir-pristatymas-2\/","og_locale":"en_US","og_type":"article","og_title":"Pirkimas ir pristatymas - Editorial Shop","og_description":"U\u017dSAKYMAS IR PIRKIMAS Radus tinkam\u0105 prek\u0119, j\u0105 reikia \u012fsid\u0117ti \u012f krep\u0161el\u012f. Tai padaryti galite paspaud\u0119 mygtuk\u0105 \u201e\u012e krep\u0161el\u012f\u201c. Paspaudus prek\u0117 \u012fdedama \u012f krep\u0161el\u012f. Tada J\u016bs galite arba pirkti prek\u0119, arba toliau ie\u0161koti kit\u0173, kurias irgi gal\u0117site \u012fsid\u0117ti \u012f krep\u0161el\u012f. Krep\u0161elio talpa n\u0117ra ribojama. I\u0161sirink\u0119 prekes ir nor\u0117dami jas u\u017esisakyti, preki\u0173 krep\u0161elyje paspauskite mygtuk\u0105 \u201eT\u0119sti atsiskaitym\u0105\u201c.&hellip;&nbsp;Read More &raquo;Pirkimas ir pristatymas","og_url":"https:\/\/www.editorial.lt\/shop\/lt\/pirkimas-ir-pristatymas-2\/","og_site_name":"Editorial Shop","article_modified_time":"2020-04-27T14:11:20+00:00","twitter_card":"summary_large_image","twitter_misc":{"Est. reading time":"2 minutes"},"schema":{"@context":"https:\/\/schema.org","@graph":[{"@type":"WebSite","@id":"https:\/\/www.editorial.lt\/shop\/#website","url":"https:\/\/www.editorial.lt\/shop\/","name":"Editorial Shop","description":"","potentialAction":[{"@type":"SearchAction","target":{"@type":"EntryPoint","urlTemplate":"https:\/\/www.editorial.lt\/shop\/?s={search_term_string}"},"query-input":"required name=search_term_string"}],"inLanguage":"en-US"},{"@type":"WebPage","@id":"https:\/\/www.editorial.lt\/shop\/lt\/pirkimas-ir-pristatymas-2\/#webpage","url":"https:\/\/www.editorial.lt\/shop\/lt\/pirkimas-ir-pristatymas-2\/","name":"Pirkimas ir pristatymas - Editorial Shop","isPartOf":{"@id":"https:\/\/www.editorial.lt\/shop\/#website"},"datePublished":"2020-04-06T08:28:06+00:00","dateModified":"2020-04-27T14:11:20+00:00","breadcrumb":{"@id":"https:\/\/www.editorial.lt\/shop\/lt\/pirkimas-ir-pristatymas-2\/#breadcrumb"},"inLanguage":"en-US","potentialAction":[{"@type":"ReadAction","target":["https:\/\/www.editorial.lt\/shop\/lt\/pirkimas-ir-pristatymas-2\/"]}]},{"@type":"BreadcrumbList","@id":"https:\/\/www.editorial.lt\/shop\/lt\/pirkimas-ir-pristatymas-2\/#breadcrumb","itemListElement":[{"@type":"ListItem","position":1,"name":"Home"},{"@type":"ListItem","position":2,"name":"Pirkimas ir pristatymas"}]}]}},"_links":{"self":[{"href":"https:\/\/www.editorial.lt\/shop\/wp-json\/wp\/v2\/pages\/385"}],"collection":[{"href":"https:\/\/www.editorial.lt\/shop\/wp-json\/wp\/v2\/pages"}],"about":[{"href":"https:\/\/www.editorial.lt\/shop\/wp-json\/wp\/v2\/types\/page"}],"author":[{"embeddable":true,"href":"https:\/\/www.editorial.lt\/shop\/wp-json\/wp\/v2\/users\/1"}],"replies":[{"embeddable":true,"href":"https:\/\/www.editorial.lt\/shop\/wp-json\/wp\/v2\/comments?post=385"}],"version-history":[{"count":5,"href":"https:\/\/www.editorial.lt\/shop\/wp-json\/wp\/v2\/pages\/385\/revisions"}],"predecessor-version":[{"id":441,"href":"https:\/\/www.editorial.lt\/shop\/wp-json\/wp\/v2\/pages\/385\/revisions\/441"}],"wp:attachment":[{"href":"https:\/\/www.editorial.lt\/shop\/wp-json\/wp\/v2\/media?parent=385"}],"curies":[{"name":"wp","href":"https:\/\/api.w.org\/{rel}","templated":true}]}}